{"id":2,"date":"2021-07-20T14:01:13","date_gmt":"2021-07-20T12:01:13","guid":{"rendered":"https:\/\/cms.pius-institut.at\/?page_id=2"},"modified":"2023-07-19T11:34:01","modified_gmt":"2023-07-19T09:34:01","slug":"beispiel-seite","status":"publish","type":"page","link":"https:\/\/www.pius-institut.at\/?page_id=2","title":{"rendered":"\u00dcber uns"},"content":{"rendered":"\t\t<div data-elementor-type=\"wp-page\" data-elementor-id=\"2\" class=\"elementor elementor-2\">\n\t\t\t\t\t\t<section class=\"elementor-section elementor-top-section elementor-element elementor-element-ea1db54 elementor-section-boxed elementor-section-height-default elementor-section-height-default\" data-id=\"ea1db54\" data-element_type=\"section\" data-e-type=\"section\">\n\t\t\t\t\t\t<div class=\"elementor-container elementor-column-gap-default\">\n\t\t\t\t\t<div class=\"elementor-column elementor-col-100 elementor-top-column elementor-element elementor-element-bdec3e9\" data-id=\"bdec3e9\" data-element_type=\"column\" data-e-type=\"column\">\n\t\t\t<div class=\"elementor-widget-wrap elementor-element-populated\">\n\t\t\t\t\t\t<div class=\"elementor-element elementor-element-89e96e7 elementor-widget elementor-widget-image\" data-id=\"89e96e7\" data-element_type=\"widget\" data-e-type=\"widget\" data-widget_type=\"image.default\">\n\t\t\t\t<div class=\"elementor-widget-container\">\n\t\t\t\t\t\t\t\t\t\t\t\t\t\t\t<img fetchpriority=\"high\" decoding=\"async\" width=\"1024\" height=\"678\" src=\"https:\/\/www.pius-institut.at\/wp-content\/uploads\/2022\/02\/geb_9_nachher-1024x678.jpg\" class=\"attachment-large size-large wp-image-1656\" alt=\"\" srcset=\"https:\/\/www.pius-institut.at\/wp-content\/uploads\/2022\/02\/geb_9_nachher-1024x678.jpg 1024w, https:\/\/www.pius-institut.at\/wp-content\/uploads\/2022\/02\/geb_9_nachher-300x199.jpg 300w, https:\/\/www.pius-institut.at\/wp-content\/uploads\/2022\/02\/geb_9_nachher-768x509.jpg 768w, https:\/\/www.pius-institut.at\/wp-content\/uploads\/2022\/02\/geb_9_nachher-1536x1017.jpg 1536w, https:\/\/www.pius-institut.at\/wp-content\/uploads\/2022\/02\/geb_9_nachher-2048x1356.jpg 2048w\" sizes=\"(max-width: 1024px) 100vw, 1024px\" \/>\t\t\t\t\t\t\t\t\t\t\t\t\t\t\t<\/div>\n\t\t\t\t<\/div>\n\t\t\t\t\t<\/div>\n\t\t<\/div>\n\t\t\t\t\t<\/div>\n\t\t<\/section>\n\t\t\t\t<section class=\"elementor-section elementor-top-section elementor-element elementor-element-e90d4d7 elementor-section-boxed elementor-section-height-default elementor-section-height-default\" data-id=\"e90d4d7\" data-element_type=\"section\" data-e-type=\"section\">\n\t\t\t\t\t\t<div class=\"elementor-container elementor-column-gap-default\">\n\t\t\t\t\t<div class=\"elementor-column elementor-col-100 elementor-top-column elementor-element elementor-element-267e1ad\" data-id=\"267e1ad\" data-element_type=\"column\" data-e-type=\"column\">\n\t\t\t<div class=\"elementor-widget-wrap elementor-element-populated\">\n\t\t\t\t\t\t<div class=\"elementor-element elementor-element-7313ccd elementor-widget elementor-widget-text-editor\" data-id=\"7313ccd\" data-element_type=\"widget\" data-e-type=\"widget\" data-widget_type=\"text-editor.default\">\n\t\t\t\t<div class=\"elementor-widget-container\">\n\t\t\t\t\t\t\t\t\t<p>Das Pius-Institut mit seiner reichen und vielf\u00e4ltigen Tradition steht seit 1879 in der Tr\u00e4gerschaft der Barmherzigen Schwestern vom Heiligen Kreuz. Die bereits zu Beginn eingerichtete Sonderschule mit Internat f\u00fcr Kinder mit Behinderung war eine Pioniertat der Ordensgr\u00fcnderin Mutter Maria Theresia Scherer. Wenn auch mit ge\u00e4ndertem Anforderungsprofil, ist der Bedarf f\u00fcr diese Schule bis heute gegeben.<\/p>\n<p><!-- \/wp:paragraph --><!-- wp:paragraph --><\/p>\n<p>Weiterhin beherbergt das Pius-Institut Schulkinder und auch erwachsene Menschen mit Behinderung, denen Wohn-, Besch\u00e4ftigungs- und Arbeitsm\u00f6glichkeiten geboten werden k\u00f6nnen.<\/p>\n<p><!-- \/wp:paragraph --><!-- wp:paragraph --><\/p>\n<p>Auf dem Fundament eines christlich-humanistisch gepr\u00e4gten Menschenbildes wird versucht, den Gr\u00fcndungsauftrag immer wieder neu zu leben und auch weiter zu entwickeln. Die Gestaltung von Lern- und Lebensformen, die Selbstbestimmung und Selbstverwirklichung der Menschen mit Behinderung erm\u00f6glichen sollen, sowie gesellschaftliche Integration und Normalisierung stehen im Vordergrund der Bem\u00fchungen. Diese Zielsetzungen spiegeln sich auch in einer laufenden Modernisierung der vorhandenen Infrastruktur und der Innovation durch neue Projekte und Angebote wider.<\/p>\t\t\t\t\t\t\t\t<\/div>\n\t\t\t\t<\/div>\n\t\t\t\t\t<\/div>\n\t\t<\/div>\n\t\t\t\t\t<\/div>\n\t\t<\/section>\n\t\t\t\t<section class=\"elementor-section elementor-top-section elementor-element elementor-element-cc0ec0f elementor-section-boxed elementor-section-height-default elementor-section-height-default\" data-id=\"cc0ec0f\" data-element_type=\"section\" data-e-type=\"section\">\n\t\t\t\t\t\t<div class=\"elementor-container elementor-column-gap-default\">\n\t\t\t\t\t<div class=\"elementor-column elementor-col-100 elementor-top-column elementor-element elementor-element-3bae58e\" data-id=\"3bae58e\" data-element_type=\"column\" data-e-type=\"column\">\n\t\t\t<div class=\"elementor-widget-wrap elementor-element-populated\">\n\t\t\t\t\t\t<div class=\"elementor-element elementor-element-ef4824b elementor-widget elementor-widget-text-editor\" data-id=\"ef4824b\" data-element_type=\"widget\" data-e-type=\"widget\" data-widget_type=\"text-editor.default\">\n\t\t\t\t<div class=\"elementor-widget-container\">\n\t\t\t\t\t\t\t\t\t<p class=\"paragraph_style\"><strong>Zertifizierte Qualit\u00e4t \u2013 ISO 9001:2015<\/strong><\/p>\n<p class=\"paragraph_style\">Das Pius-Institut hat sich zur konsequenten Umsetzung eines Qualit\u00e4tsmanagement-Systems verpflichtet. Wir haben uns dabei f\u00fcr das Modell der ISO 9001 entschieden. Die ISO 9001:2015 z\u00e4hlt zu den am h\u00e4ufigsten angewendeten\/zertifizierten Qualit\u00e4tsmanagement-Standards weltweit.<\/p>\n<p class=\"paragraph_style\">Transparente Strukturen, klare und nachvollziehbare Abl\u00e4ufe sowie Zielorientierung in unserer Organsiation und in der Begleitung unserer KlientInnen liefern die Basis f\u00fcr eine vertrauensvolle Zusammenarbeit.<\/p>\n<p class=\"paragraph_style_1\"><strong>Seit 15. M\u00e4rz 2017 sind wir offiziell zertifiziert.<\/strong><span class=\"style\"><br \/><\/span><\/p>\n<p class=\"paragraph_style\">Die Zertifizierung\/\u00dcberwachung durch eine neutrale (staatlich akkreditierte Zertifizierungsstelle) erfolgt j\u00e4hrlich.<\/p>\t\t\t\t\t\t\t\t<\/div>\n\t\t\t\t<\/div>\n\t\t\t\t\t<\/div>\n\t\t<\/div>\n\t\t\t\t\t<\/div>\n\t\t<\/section>\n\t\t\t\t<\/div>\n\t\t","protected":false},"excerpt":{"rendered":"<p>Das Pius-Institut mit seiner reichen und vielf\u00e4ltigen Tradition steht seit 1879 in der Tr\u00e4gerschaft der Barmherzigen Schwestern vom Heiligen Kreuz. Die bereits zu Beginn eingerichtete Sonderschule mit Internat f\u00fcr Kinder mit Behinderung war eine Pioniertat der Ordensgr\u00fcnderin Mutter Maria Theresia Scherer. Wenn auch mit ge\u00e4ndertem Anforderungsprofil, ist der Bedarf f\u00fcr diese Schule bis heute gegeben. [&hellip;]<\/p>\n","protected":false},"author":1,"featured_media":0,"parent":0,"menu_order":0,"comment_status":"closed","ping_status":"open","template":"","meta":{"footnotes":""},"class_list":["post-2","page","type-page","status-publish","hentry"],"_links":{"self":[{"href":"https:\/\/www.pius-institut.at\/index.php?rest_route=\/wp\/v2\/pages\/2","targetHints":{"allow":["GET"]}}],"collection":[{"href":"https:\/\/www.pius-institut.at\/index.php?rest_route=\/wp\/v2\/pages"}],"about":[{"href":"https:\/\/www.pius-institut.at\/index.php?rest_route=\/wp\/v2\/types\/page"}],"author":[{"embeddable":true,"href":"https:\/\/www.pius-institut.at\/index.php?rest_route=\/wp\/v2\/users\/1"}],"replies":[{"embeddable":true,"href":"https:\/\/www.pius-institut.at\/index.php?rest_route=%2Fwp%2Fv2%2Fcomments&post=2"}],"version-history":[{"count":35,"href":"https:\/\/www.pius-institut.at\/index.php?rest_route=\/wp\/v2\/pages\/2\/revisions"}],"predecessor-version":[{"id":2141,"href":"https:\/\/www.pius-institut.at\/index.php?rest_route=\/wp\/v2\/pages\/2\/revisions\/2141"}],"wp:attachment":[{"href":"https:\/\/www.pius-institut.at\/index.php?rest_route=%2Fwp%2Fv2%2Fmedia&parent=2"}],"curies":[{"name":"wp","href":"https:\/\/api.w.org\/{rel}","templated":true}]}}