{"id":234,"date":"2021-11-21T15:23:22","date_gmt":"2021-11-21T14:23:22","guid":{"rendered":"https:\/\/cms.pius-institut.at\/?page_id=234"},"modified":"2024-02-23T10:48:21","modified_gmt":"2024-02-23T09:48:21","slug":"timeline","status":"publish","type":"page","link":"https:\/\/www.pius-institut.at\/?page_id=234","title":{"rendered":"Geschichte"},"content":{"rendered":"\t\t<div data-elementor-type=\"wp-page\" data-elementor-id=\"234\" class=\"elementor elementor-234\">\n\t\t\t\t\t\t<section class=\"elementor-section elementor-top-section elementor-element elementor-element-1af4453 elementor-section-boxed elementor-section-height-default elementor-section-height-default\" data-id=\"1af4453\" data-element_type=\"section\" data-e-type=\"section\">\n\t\t\t\t\t\t<div class=\"elementor-container elementor-column-gap-default\">\n\t\t\t\t\t<div class=\"elementor-column elementor-col-100 elementor-top-column elementor-element elementor-element-50ec257\" data-id=\"50ec257\" data-element_type=\"column\" data-e-type=\"column\">\n\t\t\t<div class=\"elementor-widget-wrap elementor-element-populated\">\n\t\t\t\t\t\t<div class=\"elementor-element elementor-element-e8dd454 elementor-widget elementor-widget-text-editor\" data-id=\"e8dd454\" data-element_type=\"widget\" data-e-type=\"widget\" data-widget_type=\"text-editor.default\">\n\t\t\t\t<div class=\"elementor-widget-container\">\n\t\t\t\t\t\t\t\t\t<p class=\"paragraph_style\" style=\"text-align: left;\">Dem Auftrag verpflichtet sein hei\u00dft nicht statisch sondern dynamisch, der Zeit angepasst aber nicht von oberfl\u00e4chlicher Meinung geg\u00e4ngelt sein. Engagement und Einsatz der Arbeitskraft, vor allem aber der Einsatz von Herz und Idealismus, Wissen und K\u00f6nnen gaben und geben dem Werk auch heute noch seine Seele, wenn es gilt:<\/p><p>\u00a0<\/p><p class=\"paragraph_style_1\" style=\"text-align: center;\"><strong><span class=\"style\">\u201eDas Gramm Gold entdecken, das in jedem Menschen verborgen ist.\u201c<\/span><\/strong><\/p><p class=\"paragraph_style_2\" style=\"text-align: center;\"><strong>(Sr. Maria Theresia Scherer)<\/strong><\/p><p>\u00a0<\/p>\t\t\t\t\t\t\t\t<\/div>\n\t\t\t\t<\/div>\n\t\t\t\t\t<\/div>\n\t\t<\/div>\n\t\t\t\t\t<\/div>\n\t\t<\/section>\n\t\t\t\t<section class=\"elementor-section elementor-top-section elementor-element elementor-element-c19a5ef elementor-section-boxed elementor-section-height-default elementor-section-height-default\" data-id=\"c19a5ef\" data-element_type=\"section\" data-e-type=\"section\">\n\t\t\t\t\t\t<div class=\"elementor-container elementor-column-gap-default\">\n\t\t\t\t\t<div class=\"elementor-column elementor-col-100 elementor-top-column elementor-element elementor-element-ee25a38\" data-id=\"ee25a38\" data-element_type=\"column\" data-e-type=\"column\">\n\t\t\t<div class=\"elementor-widget-wrap elementor-element-populated\">\n\t\t\t\t\t\t<div class=\"elementor-element elementor-element-55cb2e4 elementor-widget elementor-widget-timeline-widget-addon\" data-id=\"55cb2e4\" data-element_type=\"widget\" data-e-type=\"widget\" data-widget_type=\"timeline-widget-addon.default\">\n\t\t\t\t<div class=\"elementor-widget-container\">\n\t\t\t\t\t<!-- ========= Timeline Widget Addon For Elementor 1.5.2 ========= -->\r\n<div id=\"twae-wrapper-55cb2e4\" class=\"twae-vertical twae-wrapper  twae-both-sided \">   \r\n    <div class=\"twae-start\"><\/div>    \r\n    <div id=\"twea-timeline-55cb2e4\" class=\"twae-timeline\" ><div id=\"story-58fdf97\" class=\"twae-story twae-repeater-item twae-story-right twae-story-icon\">\r\n                <div class=\"twae-labels\" ><div class=\"twae-label-big\"><\/div><\/div><div class=\"twae-icon\"><\/div><div class=\"twae-arrow\"><\/div><div class=\"twae-content\"><div class=\"twae-title\">1879<\/div><div class=\"twae-description\"><p style=\"text-align: center\">Einweihung und Er\u00f6ffnung des Pius-Institutes durch Sr. Maria Theresia Scherer als Einrichtung f\u00fcr mehrfach behinderte Kinder<\/p><\/div>\r\n                <\/div>\r\n        <\/div><div id=\"story-5da4715\" class=\"twae-story twae-repeater-item twae-story-left twae-story-icon\">\r\n                <div class=\"twae-labels\" ><div class=\"twae-label-big\"><\/div><\/div><div class=\"twae-icon\"><\/div><div class=\"twae-arrow\"><\/div><div class=\"twae-content\"><div class=\"twae-title\">1882<\/div><div class=\"twae-description\"><p style=\"text-align: center\">Besuch durch Kaiser Franz Joseph und Genehmigung finanzieller Unterst\u00fctzung<\/p><\/div>\r\n                <\/div>\r\n        <\/div><div id=\"story-f69652a\" class=\"twae-story twae-repeater-item twae-story-right twae-story-icon\">\r\n                <div class=\"twae-labels\" ><div class=\"twae-label-big\"><\/div><\/div><div class=\"twae-icon\"><\/div><div class=\"twae-arrow\"><\/div><div class=\"twae-content\"><div class=\"twae-title\">1910<\/div><div class=\"twae-description\"><p style=\"text-align: center\">Weihe der Hauskapelle<\/p><\/div>\r\n                <\/div>\r\n        <\/div><div id=\"story-11e8ed3\" class=\"twae-story twae-repeater-item twae-story-left twae-story-icon\">\r\n                <div class=\"twae-labels\" ><div class=\"twae-label-big\"><\/div><\/div><div class=\"twae-icon\"><\/div><div class=\"twae-arrow\"><\/div><div class=\"twae-content\"><div class=\"twae-title\">1914<\/div><div class=\"twae-description\"><p style=\"text-align: center\">Im ersten Weltkrieg beherbergt das Pius-Institut ein Lazarett.<\/p><\/div>\r\n                <\/div>\r\n        <\/div><div id=\"story-4da5f8f\" class=\"twae-story twae-repeater-item twae-story-right twae-story-icon\">\r\n                <div class=\"twae-labels\" ><div class=\"twae-label-big\"><\/div><\/div><div class=\"twae-icon\"><\/div><div class=\"twae-arrow\"><\/div><div class=\"twae-content\"><div class=\"twae-title\">1940<\/div><div class=\"twae-description\"><p style=\"text-align: center\">Schlie\u00dfung und Enteignung durch das nationalsozialistische Regime.<\/p><\/div>\r\n                <\/div>\r\n        <\/div><div id=\"story-0ead27f\" class=\"twae-story twae-repeater-item twae-story-left twae-story-icon\">\r\n                <div class=\"twae-labels\" ><div class=\"twae-label-big\"><\/div><\/div><div class=\"twae-icon\"><\/div><div class=\"twae-arrow\"><\/div><div class=\"twae-content\"><div class=\"twae-title\">1945<\/div><div class=\"twae-description\"><p style=\"text-align: center\">Das Haus wird von der englischen Armeeverwaltung \u00fcbernommen.<\/p><\/div>\r\n                <\/div>\r\n        <\/div><div id=\"story-708d746\" class=\"twae-story twae-repeater-item twae-story-right twae-story-icon\">\r\n                <div class=\"twae-labels\" ><div class=\"twae-label-big\"><\/div><\/div><div class=\"twae-icon\"><\/div><div class=\"twae-arrow\"><\/div><div class=\"twae-content\"><div class=\"twae-title\">1948<\/div><div class=\"twae-description\"><p style=\"text-align: center\">Wiederaufnahme der sozialen und p\u00e4dagogischen T\u00e4tigkeit in sehr desolaten R\u00e4umlichkeiten<\/p><\/div>\r\n                <\/div>\r\n        <\/div><div id=\"story-dd0f7e8\" class=\"twae-story twae-repeater-item twae-story-left twae-story-icon\">\r\n                <div class=\"twae-labels\" ><div class=\"twae-label-big\"><\/div><\/div><div class=\"twae-icon\"><\/div><div class=\"twae-arrow\"><\/div><div class=\"twae-content\"><div class=\"twae-title\">1959<\/div><div class=\"twae-description\"><p style=\"text-align: center\">Mit Erlass des Bundesministeriums erh\u00e4lt die Private Allgemeine Sonderschule das \u00d6ffentlichkeitsrecht.<\/p><\/div>\r\n                <\/div>\r\n        <\/div><div id=\"story-f3b2d05\" class=\"twae-story twae-repeater-item twae-story-right twae-story-icon\">\r\n                <div class=\"twae-labels\" ><div class=\"twae-label-big\"><\/div><\/div><div class=\"twae-icon\"><\/div><div class=\"twae-arrow\"><\/div><div class=\"twae-content\"><div class=\"twae-title\">1980<\/div><div class=\"twae-description\"><p style=\"text-align: center\">Neugestaltung der Wohneinheiten<\/p><\/div>\r\n                <\/div>\r\n        <\/div><div id=\"story-cb368f7\" class=\"twae-story twae-repeater-item twae-story-left twae-story-icon\">\r\n                <div class=\"twae-labels\" ><div class=\"twae-label-big\"><\/div><\/div><div class=\"twae-icon\"><i aria-hidden=\"true\" class=\"far fa-clock\"><\/i><\/div><div class=\"twae-arrow\"><\/div><div class=\"twae-content\"><div class=\"twae-title\">2023<\/div><div class=\"twae-description\"><p>Wiederer\u00f6ffnung des grundsanierten Gartenhauses.<\/p><\/div>\r\n                <\/div>\r\n        <\/div><\/div>\r\n    <div class=\"twae-end\"><\/div>\r\n    <\/div><style type=\"text\/css\"><\/style>\t\t\t\t<\/div>\n\t\t\t\t<\/div>\n\t\t\t\t\t<\/div>\n\t\t<\/div>\n\t\t\t\t\t<\/div>\n\t\t<\/section>\n\t\t\t\t<section class=\"elementor-section elementor-top-section elementor-element elementor-element-dcb7311 elementor-section-boxed elementor-section-height-default elementor-section-height-default\" data-id=\"dcb7311\" data-element_type=\"section\" data-e-type=\"section\">\n\t\t\t\t\t\t<div class=\"elementor-container elementor-column-gap-default\">\n\t\t\t\t\t\t<\/div>\n\t\t<\/section>\n\t\t\t\t<\/div>\n\t\t","protected":false},"excerpt":{"rendered":"<p>Dem Auftrag verpflichtet sein hei\u00dft nicht statisch sondern dynamisch, der Zeit angepasst aber nicht von oberfl\u00e4chlicher Meinung geg\u00e4ngelt sein. Engagement und Einsatz der Arbeitskraft, vor allem aber der Einsatz von Herz und Idealismus, Wissen und K\u00f6nnen gaben und geben dem Werk auch heute noch seine Seele, wenn es gilt: \u00a0 \u201eDas Gramm Gold entdecken, das [&hellip;]<\/p>\n","protected":false},"author":1,"featured_media":0,"parent":0,"menu_order":0,"comment_status":"closed","ping_status":"closed","template":"","meta":{"footnotes":""},"class_list":["post-234","page","type-page","status-publish","hentry"],"_links":{"self":[{"href":"https:\/\/www.pius-institut.at\/index.php?rest_route=\/wp\/v2\/pages\/234","targetHints":{"allow":["GET"]}}],"collection":[{"href":"https:\/\/www.pius-institut.at\/index.php?rest_route=\/wp\/v2\/pages"}],"about":[{"href":"https:\/\/www.pius-institut.at\/index.php?rest_route=\/wp\/v2\/types\/page"}],"author":[{"embeddable":true,"href":"https:\/\/www.pius-institut.at\/index.php?rest_route=\/wp\/v2\/users\/1"}],"replies":[{"embeddable":true,"href":"https:\/\/www.pius-institut.at\/index.php?rest_route=%2Fwp%2Fv2%2Fcomments&post=234"}],"version-history":[{"count":122,"href":"https:\/\/www.pius-institut.at\/index.php?rest_route=\/wp\/v2\/pages\/234\/revisions"}],"predecessor-version":[{"id":3144,"href":"https:\/\/www.pius-institut.at\/index.php?rest_route=\/wp\/v2\/pages\/234\/revisions\/3144"}],"wp:attachment":[{"href":"https:\/\/www.pius-institut.at\/index.php?rest_route=%2Fwp%2Fv2%2Fmedia&parent=234"}],"curies":[{"name":"wp","href":"https:\/\/api.w.org\/{rel}","templated":true}]}}