{"id":275,"date":"2021-12-03T16:57:29","date_gmt":"2021-12-03T15:57:29","guid":{"rendered":"https:\/\/cms.pius-institut.at\/?page_id=275"},"modified":"2025-09-01T11:33:05","modified_gmt":"2025-09-01T09:33:05","slug":"tagesstruktur","status":"publish","type":"page","link":"https:\/\/www.pius-institut.at\/?page_id=275","title":{"rendered":"Tagesstruktur"},"content":{"rendered":"\t\t<div data-elementor-type=\"wp-page\" data-elementor-id=\"275\" class=\"elementor elementor-275\">\n\t\t\t\t\t\t<section class=\"elementor-section elementor-top-section elementor-element elementor-element-e1dc860 elementor-section-boxed elementor-section-height-default elementor-section-height-default\" data-id=\"e1dc860\" data-element_type=\"section\" data-e-type=\"section\">\n\t\t\t\t\t\t<div class=\"elementor-container elementor-column-gap-default\">\n\t\t\t\t\t<div class=\"elementor-column elementor-col-100 elementor-top-column elementor-element elementor-element-a659924\" data-id=\"a659924\" data-element_type=\"column\" data-e-type=\"column\">\n\t\t\t<div class=\"elementor-widget-wrap elementor-element-populated\">\n\t\t\t\t\t\t<div class=\"elementor-element elementor-element-9a61546 elementor-arrows-position-inside elementor-pagination-position-outside elementor-widget elementor-widget-image-carousel\" data-id=\"9a61546\" data-element_type=\"widget\" data-e-type=\"widget\" data-settings=\"{&quot;navigation&quot;:&quot;both&quot;,&quot;autoplay&quot;:&quot;yes&quot;,&quot;pause_on_hover&quot;:&quot;yes&quot;,&quot;pause_on_interaction&quot;:&quot;yes&quot;,&quot;autoplay_speed&quot;:5000,&quot;infinite&quot;:&quot;yes&quot;,&quot;speed&quot;:500}\" data-widget_type=\"image-carousel.default\">\n\t\t\t\t<div class=\"elementor-widget-container\">\n\t\t\t\t\t\t\t<div class=\"elementor-image-carousel-wrapper swiper\" role=\"region\" aria-roledescription=\"carousel\" aria-label=\"Image Carousel\" dir=\"ltr\">\n\t\t\t<div class=\"elementor-image-carousel swiper-wrapper\" aria-live=\"off\">\n\t\t\t\t\t\t\t\t<div class=\"swiper-slide\" role=\"group\" aria-roledescription=\"slide\" aria-label=\"1 of 4\"><figure class=\"swiper-slide-inner\"><img decoding=\"async\" class=\"swiper-slide-image\" src=\"http:\/\/www.pius-institut.at\/wp-content\/uploads\/2024\/01\/IMG_3328-scaled.jpg\" alt=\"IMG_3328\" \/><\/figure><\/div><div class=\"swiper-slide\" role=\"group\" aria-roledescription=\"slide\" aria-label=\"2 of 4\"><figure class=\"swiper-slide-inner\"><img decoding=\"async\" class=\"swiper-slide-image\" src=\"http:\/\/www.pius-institut.at\/wp-content\/uploads\/2024\/01\/IMG_3331-scaled.jpg\" alt=\"IMG_3331\" \/><\/figure><\/div><div class=\"swiper-slide\" role=\"group\" aria-roledescription=\"slide\" aria-label=\"3 of 4\"><figure class=\"swiper-slide-inner\"><img decoding=\"async\" class=\"swiper-slide-image\" src=\"http:\/\/www.pius-institut.at\/wp-content\/uploads\/2024\/01\/IMG_3337-scaled.jpg\" alt=\"IMG_3337\" \/><\/figure><\/div><div class=\"swiper-slide\" role=\"group\" aria-roledescription=\"slide\" aria-label=\"4 of 4\"><figure class=\"swiper-slide-inner\"><img decoding=\"async\" class=\"swiper-slide-image\" src=\"http:\/\/www.pius-institut.at\/wp-content\/uploads\/2024\/01\/IMG_6539-scaled.jpg\" alt=\"IMG_6539\" \/><\/figure><\/div>\t\t\t<\/div>\n\t\t\t\t\t\t\t\t\t\t\t\t<div class=\"elementor-swiper-button elementor-swiper-button-prev\" role=\"button\" tabindex=\"0\">\n\t\t\t\t\t\t<i aria-hidden=\"true\" class=\"eicon-chevron-left\"><\/i>\t\t\t\t\t<\/div>\n\t\t\t\t\t<div class=\"elementor-swiper-button elementor-swiper-button-next\" role=\"button\" tabindex=\"0\">\n\t\t\t\t\t\t<i aria-hidden=\"true\" class=\"eicon-chevron-right\"><\/i>\t\t\t\t\t<\/div>\n\t\t\t\t\n\t\t\t\t\t\t\t\t\t<div class=\"swiper-pagination\"><\/div>\n\t\t\t\t\t\t\t\t\t<\/div>\n\t\t\t\t\t\t<\/div>\n\t\t\t\t<\/div>\n\t\t\t\t\t<\/div>\n\t\t<\/div>\n\t\t\t\t\t<\/div>\n\t\t<\/section>\n\t\t\t\t<section class=\"elementor-section elementor-top-section elementor-element elementor-element-8f6d35f elementor-section-boxed elementor-section-height-default elementor-section-height-default\" data-id=\"8f6d35f\" data-element_type=\"section\" data-e-type=\"section\">\n\t\t\t\t\t\t<div class=\"elementor-container elementor-column-gap-default\">\n\t\t\t\t\t<div class=\"elementor-column elementor-col-100 elementor-top-column elementor-element elementor-element-e91e108\" data-id=\"e91e108\" data-element_type=\"column\" data-e-type=\"column\">\n\t\t\t<div class=\"elementor-widget-wrap elementor-element-populated\">\n\t\t\t\t\t\t<div class=\"elementor-element elementor-element-b36d96c elementor-widget elementor-widget-text-editor\" data-id=\"b36d96c\" data-element_type=\"widget\" data-e-type=\"widget\" data-widget_type=\"text-editor.default\">\n\t\t\t\t<div class=\"elementor-widget-container\">\n\t\t\t\t\t\t\t\t\t<p><strong>Tagesstruktur &#8222;Makido&#8220;<\/strong><\/p><p><span style=\"color: #666666;\"><span style=\"font-family: Arial, sans-serif;\">Menschen mit hohem und h\u00f6chsten Bedarf finden im Leistungsbereich Makido ein auf psychische, physische und soziale Entwicklung ausgerichtetes Angebot vor. Ritualisierte Alltagshandlungen und den individuellen W\u00fcnschen und Bed\u00fcrfnissen entsprechende F\u00f6rdereinheiten ergeben einen strukturierten Tagesablauf. Die Nutzung des Snoezeleraumes und Spazierg\u00e4nge bereichern nach M\u00f6glichkeit den Alltag. Aktionstage, Ausfl\u00fcge sowie die Teilnahme an Sport-Veranstaltungen, Feiern und Festen sind Basis f\u00fcr soziale Integration. <\/span><\/span><\/p><p><span style=\"color: #666666;\"><span style=\"font-family: Arial, sans-serif;\">Tiergest\u00fctzte Intervention mit unseren Schafdamen runden unser Angebot ab.<\/span><\/span><\/p><p><strong>Vital 4+<\/strong><\/p><p><span style=\"color: #666666;\"><span style=\"font-family: Arial, sans-serif;\">Menschen, welche sich zum Senior:innen-Status hin entwickeln, k\u00f6nnen im Leistungsbereich \u201eVital 4 +\u201c ein ihnen gerechtes Angebot erwarten: <\/span><\/span><\/p><ul><li><span style=\"color: #666666;\"><span style=\"font-family: Arial, sans-serif;\">Elemente aus der Erlebnisp\u00e4dagogik und Motogeragogik<\/span><\/span><\/li><li><span style=\"color: #666666;\"><span style=\"font-family: Arial, sans-serif;\">Demenzpr\u00e4vention<\/span><\/span><\/li><li><span style=\"color: #666666;\"><span style=\"font-family: Arial, sans-serif;\">Begleitung und Motivation hin zu einer inklusiven und aktiven Teilhabe an Besch\u00e4ftigung <\/span><\/span><\/li><li><span style=\"color: #666666;\"><span style=\"font-family: Arial, sans-serif;\">F\u00f6rderung und Erhaltung von kreativen und handwerklichen F\u00e4higkeiten<\/span><\/span><\/li><\/ul><hr \/><p>\u00a0<\/p>\t\t\t\t\t\t\t\t<\/div>\n\t\t\t\t<\/div>\n\t\t\t\t\t<\/div>\n\t\t<\/div>\n\t\t\t\t\t<\/div>\n\t\t<\/section>\n\t\t\t\t<section class=\"elementor-section elementor-top-section elementor-element elementor-element-117281f elementor-section-boxed elementor-section-height-default elementor-section-height-default\" data-id=\"117281f\" data-element_type=\"section\" data-e-type=\"section\">\n\t\t\t\t\t\t<div class=\"elementor-container elementor-column-gap-default\">\n\t\t\t\t\t<div class=\"elementor-column elementor-col-100 elementor-top-column elementor-element elementor-element-3f1c8b6\" data-id=\"3f1c8b6\" data-element_type=\"column\" data-e-type=\"column\">\n\t\t\t<div class=\"elementor-widget-wrap elementor-element-populated\">\n\t\t\t\t\t\t<div class=\"elementor-element elementor-element-1aa3a86 eael-team-align-centered elementor-widget elementor-widget-eael-team-member\" data-id=\"1aa3a86\" data-element_type=\"widget\" data-e-type=\"widget\" data-widget_type=\"eael-team-member.default\">\n\t\t\t\t<div class=\"elementor-widget-container\">\n\t\t\t\t\t\n\n\t<div id=\"eael-team-member-1aa3a86\" class=\"eael-team-item eael-team-members-simple \">\n\t\t<div class=\"eael-team-item-inner\">\n\t\t\t<div class=\"eael-team-image\">\n\t\t\t\t<figure>\n\t\t\t\t\t<img decoding=\"async\" src=\"https:\/\/www.pius-institut.at\/wp-content\/uploads\/2023\/10\/01-TL-BF-Makido_Stelzer-Lukas-scaled.jpg\" alt=\"\">\n\t\t\t\t<\/figure>\n\t\t\t\t\n\t\t\t\t\n\t\t\t<\/div>\n\n\t\t\t<div class=\"eael-team-content\">\n\t\t\t\t<h3 class=\"eael-team-member-name\">Stelzer Lukas<\/h3>\n\t\t\t\t<h4 class=\"eael-team-member-position\">Teamleitung <\/h4>\n\n\t\t\t\t\t\t\t\t\t\t\t\t\t\t<p class=\"eael-team-text\">tagesstruktur@pius-institut.at \n\n+43699\/151793-59<\/p>\n\t\t\t\t\t\t\t<\/div>\n\t\t<\/div>\n\t<\/div>\n\t\t\t\t\t<\/div>\n\t\t\t\t<\/div>\n\t\t\t\t\t<\/div>\n\t\t<\/div>\n\t\t\t\t\t<\/div>\n\t\t<\/section>\n\t\t\t\t<\/div>\n\t\t","protected":false},"excerpt":{"rendered":"<p>Tagesstruktur &#8222;Makido&#8220; Menschen mit hohem und h\u00f6chsten Bedarf finden im Leistungsbereich Makido ein auf psychische, physische und soziale Entwicklung ausgerichtetes Angebot vor. Ritualisierte Alltagshandlungen und den individuellen W\u00fcnschen und Bed\u00fcrfnissen entsprechende F\u00f6rdereinheiten ergeben einen strukturierten Tagesablauf. Die Nutzung des Snoezeleraumes und Spazierg\u00e4nge bereichern nach M\u00f6glichkeit den Alltag. Aktionstage, Ausfl\u00fcge sowie die Teilnahme an Sport-Veranstaltungen, Feiern [&hellip;]<\/p>\n","protected":false},"author":1,"featured_media":0,"parent":0,"menu_order":0,"comment_status":"closed","ping_status":"closed","template":"","meta":{"footnotes":""},"class_list":["post-275","page","type-page","status-publish","hentry"],"_links":{"self":[{"href":"https:\/\/www.pius-institut.at\/index.php?rest_route=\/wp\/v2\/pages\/275","targetHints":{"allow":["GET"]}}],"collection":[{"href":"https:\/\/www.pius-institut.at\/index.php?rest_route=\/wp\/v2\/pages"}],"about":[{"href":"https:\/\/www.pius-institut.at\/index.php?rest_route=\/wp\/v2\/types\/page"}],"author":[{"embeddable":true,"href":"https:\/\/www.pius-institut.at\/index.php?rest_route=\/wp\/v2\/users\/1"}],"replies":[{"embeddable":true,"href":"https:\/\/www.pius-institut.at\/index.php?rest_route=%2Fwp%2Fv2%2Fcomments&post=275"}],"version-history":[{"count":31,"href":"https:\/\/www.pius-institut.at\/index.php?rest_route=\/wp\/v2\/pages\/275\/revisions"}],"predecessor-version":[{"id":3951,"href":"https:\/\/www.pius-institut.at\/index.php?rest_route=\/wp\/v2\/pages\/275\/revisions\/3951"}],"wp:attachment":[{"href":"https:\/\/www.pius-institut.at\/index.php?rest_route=%2Fwp%2Fv2%2Fmedia&parent=275"}],"curies":[{"name":"wp","href":"https:\/\/api.w.org\/{rel}","templated":true}]}}