{"id":281,"date":"2021-12-03T16:58:21","date_gmt":"2021-12-03T15:58:21","guid":{"rendered":"https:\/\/cms.pius-institut.at\/?page_id=281"},"modified":"2024-02-23T11:18:54","modified_gmt":"2024-02-23T10:18:54","slug":"zusatzangebote","status":"publish","type":"page","link":"https:\/\/www.pius-institut.at\/?page_id=281","title":{"rendered":"Zusatzangebote"},"content":{"rendered":"\t\t<div data-elementor-type=\"wp-page\" data-elementor-id=\"281\" class=\"elementor elementor-281\">\n\t\t\t\t\t\t<section class=\"elementor-section elementor-top-section elementor-element elementor-element-ee7900a elementor-section-boxed elementor-section-height-default elementor-section-height-default\" data-id=\"ee7900a\" data-element_type=\"section\" data-e-type=\"section\">\n\t\t\t\t\t\t<div class=\"elementor-container elementor-column-gap-default\">\n\t\t\t\t\t<div class=\"elementor-column elementor-col-100 elementor-top-column elementor-element elementor-element-131650f\" data-id=\"131650f\" data-element_type=\"column\" data-e-type=\"column\">\n\t\t\t<div class=\"elementor-widget-wrap elementor-element-populated\">\n\t\t\t\t\t\t<div class=\"elementor-element elementor-element-24d3a0c elementor-hidden-desktop elementor-arrows-position-inside elementor-pagination-position-outside elementor-widget elementor-widget-image-carousel\" data-id=\"24d3a0c\" data-element_type=\"widget\" data-e-type=\"widget\" data-settings=\"{&quot;navigation&quot;:&quot;both&quot;,&quot;autoplay&quot;:&quot;yes&quot;,&quot;pause_on_hover&quot;:&quot;yes&quot;,&quot;pause_on_interaction&quot;:&quot;yes&quot;,&quot;autoplay_speed&quot;:5000,&quot;infinite&quot;:&quot;yes&quot;,&quot;speed&quot;:500}\" data-widget_type=\"image-carousel.default\">\n\t\t\t\t<div class=\"elementor-widget-container\">\n\t\t\t\t\t\t\t<div class=\"elementor-image-carousel-wrapper swiper\" role=\"region\" aria-roledescription=\"carousel\" aria-label=\"Image Carousel\" dir=\"ltr\">\n\t\t\t<div class=\"elementor-image-carousel swiper-wrapper\" aria-live=\"off\">\n\t\t\t\t\t\t\t\t<div class=\"swiper-slide\" role=\"group\" aria-roledescription=\"slide\" aria-label=\"1 of 5\"><figure class=\"swiper-slide-inner\"><img decoding=\"async\" class=\"swiper-slide-image\" src=\"https:\/\/www.pius-institut.at\/wp-content\/uploads\/2023\/09\/FullSizeRender-768x461.jpg\" alt=\"FullSizeRender\" \/><\/figure><\/div><div class=\"swiper-slide\" role=\"group\" aria-roledescription=\"slide\" aria-label=\"2 of 5\"><figure class=\"swiper-slide-inner\"><img decoding=\"async\" class=\"swiper-slide-image\" src=\"https:\/\/www.pius-institut.at\/wp-content\/uploads\/2023\/09\/IMG-3704-768x461.jpg\" alt=\"IMG-3704\" \/><\/figure><\/div><div class=\"swiper-slide\" role=\"group\" aria-roledescription=\"slide\" aria-label=\"3 of 5\"><figure class=\"swiper-slide-inner\"><img decoding=\"async\" class=\"swiper-slide-image\" src=\"https:\/\/www.pius-institut.at\/wp-content\/uploads\/2023\/09\/IMG-1735-768x461.jpg\" alt=\"IMG-1735\" \/><\/figure><\/div><div class=\"swiper-slide\" role=\"group\" aria-roledescription=\"slide\" aria-label=\"4 of 5\"><figure class=\"swiper-slide-inner\"><img decoding=\"async\" class=\"swiper-slide-image\" src=\"https:\/\/www.pius-institut.at\/wp-content\/uploads\/2023\/09\/FullSize-768x461.jpg\" alt=\"FullSize\" \/><\/figure><\/div><div class=\"swiper-slide\" role=\"group\" aria-roledescription=\"slide\" aria-label=\"5 of 5\"><figure class=\"swiper-slide-inner\"><img decoding=\"async\" class=\"swiper-slide-image\" src=\"https:\/\/www.pius-institut.at\/wp-content\/uploads\/2023\/09\/IMG-5060-768x461.jpg\" alt=\"IMG-5060\" \/><\/figure><\/div>\t\t\t<\/div>\n\t\t\t\t\t\t\t\t\t\t\t\t<div class=\"elementor-swiper-button elementor-swiper-button-prev\" role=\"button\" tabindex=\"0\">\n\t\t\t\t\t\t<i aria-hidden=\"true\" class=\"eicon-chevron-left\"><\/i>\t\t\t\t\t<\/div>\n\t\t\t\t\t<div class=\"elementor-swiper-button elementor-swiper-button-next\" role=\"button\" tabindex=\"0\">\n\t\t\t\t\t\t<i aria-hidden=\"true\" class=\"eicon-chevron-right\"><\/i>\t\t\t\t\t<\/div>\n\t\t\t\t\n\t\t\t\t\t\t\t\t\t<div class=\"swiper-pagination\"><\/div>\n\t\t\t\t\t\t\t\t\t<\/div>\n\t\t\t\t\t\t<\/div>\n\t\t\t\t<\/div>\n\t\t\t\t\t<\/div>\n\t\t<\/div>\n\t\t\t\t\t<\/div>\n\t\t<\/section>\n\t\t\t\t<section class=\"elementor-section elementor-top-section elementor-element elementor-element-a8bc298 elementor-section-boxed elementor-section-height-default elementor-section-height-default\" data-id=\"a8bc298\" data-element_type=\"section\" data-e-type=\"section\">\n\t\t\t\t\t\t<div class=\"elementor-container elementor-column-gap-default\">\n\t\t\t\t\t<div class=\"elementor-column elementor-col-100 elementor-top-column elementor-element elementor-element-210314a\" data-id=\"210314a\" data-element_type=\"column\" data-e-type=\"column\">\n\t\t\t<div class=\"elementor-widget-wrap elementor-element-populated\">\n\t\t\t\t\t\t<div class=\"elementor-element elementor-element-87e4de9 elementor-widget elementor-widget-text-editor\" data-id=\"87e4de9\" data-element_type=\"widget\" data-e-type=\"widget\" data-widget_type=\"text-editor.default\">\n\t\t\t\t<div class=\"elementor-widget-container\">\n\t\t\t\t\t\t\t\t\t<p class=\"paragraph_style\"><span style=\"color: #993300;\"><strong>Ethikunterricht <\/strong><\/span><\/p><p class=\"paragraph_style\"><span style=\"color: #993300;\"><strong>Autismustraining<\/strong><\/span><\/p><hr \/><p>\u00a0<\/p><p class=\"paragraph_style\"><span style=\"color: #993300;\"><strong>Sport mit Sportb\u00fcndel<\/strong><\/span><\/p><p class=\"paragraph_style_1\">F\u00fcr alle KlientInnen gibt es eine Auswahl an Sportm\u00f6glichkeiten:<\/p><ul><li class=\"paragraph_style_2\">Schwimmen<\/li><li class=\"paragraph paragraph_style_2\">Fu\u00dfball<\/li><li class=\"paragraph_style_2\">Tennis<\/li><li class=\"paragraph_style_2\">Gymnastik<\/li><li class=\"paragraph_style_2\">Tischtennis<\/li><li class=\"paragraph_style_2\">Bogenschie\u00dfen<\/li><\/ul><p>\u00a0<\/p>\t\t\t\t\t\t\t\t<\/div>\n\t\t\t\t<\/div>\n\t\t\t\t\t<\/div>\n\t\t<\/div>\n\t\t\t\t\t<\/div>\n\t\t<\/section>\n\t\t\t\t<\/div>\n\t\t","protected":false},"excerpt":{"rendered":"<p>Ethikunterricht Autismustraining \u00a0 Sport mit Sportb\u00fcndel F\u00fcr alle KlientInnen gibt es eine Auswahl an Sportm\u00f6glichkeiten: Schwimmen Fu\u00dfball Tennis Gymnastik Tischtennis Bogenschie\u00dfen \u00a0<\/p>\n","protected":false},"author":1,"featured_media":0,"parent":0,"menu_order":0,"comment_status":"closed","ping_status":"closed","template":"","meta":{"footnotes":""},"class_list":["post-281","page","type-page","status-publish","hentry"],"_links":{"self":[{"href":"https:\/\/www.pius-institut.at\/index.php?rest_route=\/wp\/v2\/pages\/281","targetHints":{"allow":["GET"]}}],"collection":[{"href":"https:\/\/www.pius-institut.at\/index.php?rest_route=\/wp\/v2\/pages"}],"about":[{"href":"https:\/\/www.pius-institut.at\/index.php?rest_route=\/wp\/v2\/types\/page"}],"author":[{"embeddable":true,"href":"https:\/\/www.pius-institut.at\/index.php?rest_route=\/wp\/v2\/users\/1"}],"replies":[{"embeddable":true,"href":"https:\/\/www.pius-institut.at\/index.php?rest_route=%2Fwp%2Fv2%2Fcomments&post=281"}],"version-history":[{"count":55,"href":"https:\/\/www.pius-institut.at\/index.php?rest_route=\/wp\/v2\/pages\/281\/revisions"}],"predecessor-version":[{"id":3175,"href":"https:\/\/www.pius-institut.at\/index.php?rest_route=\/wp\/v2\/pages\/281\/revisions\/3175"}],"wp:attachment":[{"href":"https:\/\/www.pius-institut.at\/index.php?rest_route=%2Fwp%2Fv2%2Fmedia&parent=281"}],"curies":[{"name":"wp","href":"https:\/\/api.w.org\/{rel}","templated":true}]}}