{"id":354,"date":"2022-01-08T17:27:49","date_gmt":"2022-01-08T16:27:49","guid":{"rendered":"https:\/\/cms.pius-institut.at\/?page_id=354"},"modified":"2025-09-01T11:32:11","modified_gmt":"2025-09-01T09:32:11","slug":"gartenbau","status":"publish","type":"page","link":"https:\/\/www.pius-institut.at\/?page_id=354","title":{"rendered":"Gartenbau &#038; Landschaftspflege"},"content":{"rendered":"\t\t<div data-elementor-type=\"wp-page\" data-elementor-id=\"354\" class=\"elementor elementor-354\">\n\t\t\t\t\t\t<section class=\"elementor-section elementor-top-section elementor-element elementor-element-1ee5274 elementor-section-boxed elementor-section-height-default elementor-section-height-default\" data-id=\"1ee5274\" data-element_type=\"section\" data-e-type=\"section\">\n\t\t\t\t\t\t<div class=\"elementor-container elementor-column-gap-default\">\n\t\t\t\t\t<div class=\"elementor-column elementor-col-100 elementor-top-column elementor-element elementor-element-bb17160\" data-id=\"bb17160\" data-element_type=\"column\" data-e-type=\"column\">\n\t\t\t<div class=\"elementor-widget-wrap elementor-element-populated\">\n\t\t\t\t\t\t<div class=\"elementor-element elementor-element-e95777b elementor-arrows-position-inside elementor-pagination-position-outside elementor-widget elementor-widget-image-carousel\" data-id=\"e95777b\" data-element_type=\"widget\" data-e-type=\"widget\" data-settings=\"{&quot;navigation&quot;:&quot;both&quot;,&quot;autoplay&quot;:&quot;yes&quot;,&quot;pause_on_hover&quot;:&quot;yes&quot;,&quot;pause_on_interaction&quot;:&quot;yes&quot;,&quot;autoplay_speed&quot;:5000,&quot;infinite&quot;:&quot;yes&quot;,&quot;speed&quot;:500}\" data-widget_type=\"image-carousel.default\">\n\t\t\t\t<div class=\"elementor-widget-container\">\n\t\t\t\t\t\t\t<div class=\"elementor-image-carousel-wrapper swiper\" role=\"region\" aria-roledescription=\"carousel\" aria-label=\"Image Carousel\" dir=\"ltr\">\n\t\t\t<div class=\"elementor-image-carousel swiper-wrapper\" aria-live=\"off\">\n\t\t\t\t\t\t\t\t<div class=\"swiper-slide\" role=\"group\" aria-roledescription=\"slide\" aria-label=\"1 of 7\"><figure class=\"swiper-slide-inner\"><img decoding=\"async\" class=\"swiper-slide-image\" src=\"http:\/\/www.pius-institut.at\/wp-content\/uploads\/2024\/07\/IMG_4173.jpg\" alt=\"IMG_4173\" \/><\/figure><\/div><div class=\"swiper-slide\" role=\"group\" aria-roledescription=\"slide\" aria-label=\"2 of 7\"><figure class=\"swiper-slide-inner\"><img decoding=\"async\" class=\"swiper-slide-image\" src=\"http:\/\/www.pius-institut.at\/wp-content\/uploads\/2024\/07\/IMG_4165.jpg\" alt=\"IMG_4165\" \/><\/figure><\/div><div class=\"swiper-slide\" role=\"group\" aria-roledescription=\"slide\" aria-label=\"3 of 7\"><figure class=\"swiper-slide-inner\"><img decoding=\"async\" class=\"swiper-slide-image\" src=\"http:\/\/www.pius-institut.at\/wp-content\/uploads\/2024\/07\/IMG_4167.jpg\" alt=\"IMG_4167\" \/><\/figure><\/div><div class=\"swiper-slide\" role=\"group\" aria-roledescription=\"slide\" aria-label=\"4 of 7\"><figure class=\"swiper-slide-inner\"><img decoding=\"async\" class=\"swiper-slide-image\" src=\"http:\/\/www.pius-institut.at\/wp-content\/uploads\/2024\/07\/IMG_4168.jpg\" alt=\"IMG_4168\" \/><\/figure><\/div><div class=\"swiper-slide\" role=\"group\" aria-roledescription=\"slide\" aria-label=\"5 of 7\"><figure class=\"swiper-slide-inner\"><img decoding=\"async\" class=\"swiper-slide-image\" src=\"http:\/\/www.pius-institut.at\/wp-content\/uploads\/2024\/07\/IMG_4169.jpg\" alt=\"IMG_4169\" \/><\/figure><\/div><div class=\"swiper-slide\" role=\"group\" aria-roledescription=\"slide\" aria-label=\"6 of 7\"><figure class=\"swiper-slide-inner\"><img decoding=\"async\" class=\"swiper-slide-image\" src=\"http:\/\/www.pius-institut.at\/wp-content\/uploads\/2024\/07\/IMG_4171.jpg\" alt=\"IMG_4171\" \/><\/figure><\/div><div class=\"swiper-slide\" role=\"group\" aria-roledescription=\"slide\" aria-label=\"7 of 7\"><figure class=\"swiper-slide-inner\"><img decoding=\"async\" class=\"swiper-slide-image\" src=\"http:\/\/www.pius-institut.at\/wp-content\/uploads\/2024\/07\/IMG_4172.jpg\" alt=\"IMG_4172\" \/><\/figure><\/div>\t\t\t<\/div>\n\t\t\t\t\t\t\t\t\t\t\t\t<div class=\"elementor-swiper-button elementor-swiper-button-prev\" role=\"button\" tabindex=\"0\">\n\t\t\t\t\t\t<i aria-hidden=\"true\" class=\"eicon-chevron-left\"><\/i>\t\t\t\t\t<\/div>\n\t\t\t\t\t<div class=\"elementor-swiper-button elementor-swiper-button-next\" role=\"button\" tabindex=\"0\">\n\t\t\t\t\t\t<i aria-hidden=\"true\" class=\"eicon-chevron-right\"><\/i>\t\t\t\t\t<\/div>\n\t\t\t\t\n\t\t\t\t\t\t\t\t\t<div class=\"swiper-pagination\"><\/div>\n\t\t\t\t\t\t\t\t\t<\/div>\n\t\t\t\t\t\t<\/div>\n\t\t\t\t<\/div>\n\t\t\t\t\t<\/div>\n\t\t<\/div>\n\t\t\t\t\t<\/div>\n\t\t<\/section>\n\t\t\t\t<section class=\"elementor-section elementor-top-section elementor-element elementor-element-5d0c487 elementor-section-boxed elementor-section-height-default elementor-section-height-default\" data-id=\"5d0c487\" data-element_type=\"section\" data-e-type=\"section\">\n\t\t\t\t\t\t<div class=\"elementor-container elementor-column-gap-default\">\n\t\t\t\t\t<div class=\"elementor-column elementor-col-100 elementor-top-column elementor-element elementor-element-6adf1a2\" data-id=\"6adf1a2\" data-element_type=\"column\" data-e-type=\"column\">\n\t\t\t<div class=\"elementor-widget-wrap elementor-element-populated\">\n\t\t\t\t\t\t<div class=\"elementor-element elementor-element-5f183f6 elementor-widget elementor-widget-text-editor\" data-id=\"5f183f6\" data-element_type=\"widget\" data-e-type=\"widget\" data-widget_type=\"text-editor.default\">\n\t\t\t\t<div class=\"elementor-widget-container\">\n\t\t\t\t\t\t\t\t\t<p><span style=\"color: #993300;\"><strong>Gartenbau und Friedhofspflege<\/strong><\/span><\/p><p>Die Dienstleistungen GR\u00dcN sind vielseitig t\u00e4tig:<\/p><ul><li>es werden ca. 110 Gr\u00e4ber auf dem Friedhof St. Ruprecht rund ums Jahr gepflegt und gestaltet<\/li><li>Gartenpflege f\u00fcr Kunden (haupts\u00e4chlich M\u00e4harbeiten und Entsorgung)<\/li><li>Gem\u00fcseanbau und Verkauf im eigenen Gem\u00fcsegarten<\/li><li>Pilzanbau und Verkauf seit 2022 im eigenen Keller<\/li><\/ul><p>Kooperationen:<\/p><ul><li>Stadtgemeinde Bruck\/Mur: \u00dcbernahme von Bauhoft\u00e4tigkeiten (Reinigung von M\u00fcllinseln und zugeh\u00f6rigem Bauhof)<\/li><li>Kooperation WKO Bruck\/Mur: ganzj\u00e4hrigeTischmanipulation<\/li><\/ul><p>Erlernt werden u. a. der fachgerechte Umgang und die Pflege der daf\u00fcr ben\u00f6tigten Werkzeuge und Maschinen, soziale Kernkompetenzen von Teamarbeit bis hin zu Kundenorientierung.<\/p><p>Die intensive Form einer am 1. Arbeitsmarkt angelehnten Fachausbildung kann im Berufsbild Friedhofs- und Zierpflanzeng\u00e4rtner:in erworben werden.<\/p><hr \/>\t\t\t\t\t\t\t\t<\/div>\n\t\t\t\t<\/div>\n\t\t\t\t\t<\/div>\n\t\t<\/div>\n\t\t\t\t\t<\/div>\n\t\t<\/section>\n\t\t\t\t<section class=\"elementor-section elementor-top-section elementor-element elementor-element-e5c97d5 elementor-section-boxed elementor-section-height-default elementor-section-height-default\" data-id=\"e5c97d5\" data-element_type=\"section\" data-e-type=\"section\">\n\t\t\t\t\t\t<div class=\"elementor-container elementor-column-gap-default\">\n\t\t\t\t\t<div class=\"elementor-column elementor-col-100 elementor-top-column elementor-element elementor-element-215e00b\" data-id=\"215e00b\" data-element_type=\"column\" data-e-type=\"column\">\n\t\t\t<div class=\"elementor-widget-wrap elementor-element-populated\">\n\t\t\t\t\t\t<div class=\"elementor-element elementor-element-4c983a4 eael-team-align-centered elementor-widget elementor-widget-eael-team-member\" data-id=\"4c983a4\" data-element_type=\"widget\" data-e-type=\"widget\" data-widget_type=\"eael-team-member.default\">\n\t\t\t\t<div class=\"elementor-widget-container\">\n\t\t\t\t\t\n\n\t<div id=\"eael-team-member-4c983a4\" class=\"eael-team-item eael-team-members-simple \">\n\t\t<div class=\"eael-team-item-inner\">\n\t\t\t<div class=\"eael-team-image\">\n\t\t\t\t<figure>\n\t\t\t\t\t<img decoding=\"async\" src=\"\" alt=\"\">\n\t\t\t\t<\/figure>\n\t\t\t\t\n\t\t\t\t\n\t\t\t<\/div>\n\n\t\t\t<div class=\"eael-team-content\">\n\t\t\t\t<h3 class=\"eael-team-member-name\">Lydia Keusch<\/h3>\n\t\t\t\t<h4 class=\"eael-team-member-position\">Gartenbau &amp; Friedhofspflege<\/h4>\n\n\t\t\t\t\t\t\t\t\t\t\t\t\t\t<p class=\"eael-team-text\">dlgruen@pius-institut.at || \n+43699\/151793-81\n\n<\/p>\n\t\t\t\t\t\t\t<\/div>\n\t\t<\/div>\n\t<\/div>\n\t\t\t\t\t<\/div>\n\t\t\t\t<\/div>\n\t\t\t\t\t<\/div>\n\t\t<\/div>\n\t\t\t\t\t<\/div>\n\t\t<\/section>\n\t\t\t\t<\/div>\n\t\t","protected":false},"excerpt":{"rendered":"<p>Gartenbau und Friedhofspflege Die Dienstleistungen GR\u00dcN sind vielseitig t\u00e4tig: es werden ca. 110 Gr\u00e4ber auf dem Friedhof St. Ruprecht rund ums Jahr gepflegt und gestaltet Gartenpflege f\u00fcr Kunden (haupts\u00e4chlich M\u00e4harbeiten und Entsorgung) Gem\u00fcseanbau und Verkauf im eigenen Gem\u00fcsegarten Pilzanbau und Verkauf seit 2022 im eigenen Keller Kooperationen: Stadtgemeinde Bruck\/Mur: \u00dcbernahme von Bauhoft\u00e4tigkeiten (Reinigung von M\u00fcllinseln [&hellip;]<\/p>\n","protected":false},"author":1,"featured_media":0,"parent":0,"menu_order":0,"comment_status":"closed","ping_status":"closed","template":"","meta":{"footnotes":""},"class_list":["post-354","page","type-page","status-publish","hentry"],"_links":{"self":[{"href":"https:\/\/www.pius-institut.at\/index.php?rest_route=\/wp\/v2\/pages\/354","targetHints":{"allow":["GET"]}}],"collection":[{"href":"https:\/\/www.pius-institut.at\/index.php?rest_route=\/wp\/v2\/pages"}],"about":[{"href":"https:\/\/www.pius-institut.at\/index.php?rest_route=\/wp\/v2\/types\/page"}],"author":[{"embeddable":true,"href":"https:\/\/www.pius-institut.at\/index.php?rest_route=\/wp\/v2\/users\/1"}],"replies":[{"embeddable":true,"href":"https:\/\/www.pius-institut.at\/index.php?rest_route=%2Fwp%2Fv2%2Fcomments&post=354"}],"version-history":[{"count":68,"href":"https:\/\/www.pius-institut.at\/index.php?rest_route=\/wp\/v2\/pages\/354\/revisions"}],"predecessor-version":[{"id":3948,"href":"https:\/\/www.pius-institut.at\/index.php?rest_route=\/wp\/v2\/pages\/354\/revisions\/3948"}],"wp:attachment":[{"href":"https:\/\/www.pius-institut.at\/index.php?rest_route=%2Fwp%2Fv2%2Fmedia&parent=354"}],"curies":[{"name":"wp","href":"https:\/\/api.w.org\/{rel}","templated":true}]}}