{"id":360,"date":"2022-01-08T17:28:32","date_gmt":"2022-01-08T16:28:32","guid":{"rendered":"https:\/\/cms.pius-institut.at\/?page_id=360"},"modified":"2022-02-28T18:10:06","modified_gmt":"2022-02-28T17:10:06","slug":"mundwerk","status":"publish","type":"page","link":"https:\/\/www.pius-institut.at\/?page_id=360","title":{"rendered":"Mundwerk"},"content":{"rendered":"\t\t<div data-elementor-type=\"wp-page\" data-elementor-id=\"360\" class=\"elementor elementor-360\">\n\t\t\t\t\t\t<section class=\"elementor-section elementor-top-section elementor-element elementor-element-4fc9c41 elementor-section-boxed elementor-section-height-default elementor-section-height-default\" data-id=\"4fc9c41\" data-element_type=\"section\" data-e-type=\"section\">\n\t\t\t\t\t\t<div class=\"elementor-container elementor-column-gap-default\">\n\t\t\t\t\t<div class=\"elementor-column elementor-col-33 elementor-top-column elementor-element elementor-element-627950a\" data-id=\"627950a\" data-element_type=\"column\" data-e-type=\"column\">\n\t\t\t<div class=\"elementor-widget-wrap\">\n\t\t\t\t\t\t\t<\/div>\n\t\t<\/div>\n\t\t\t\t<div class=\"elementor-column elementor-col-33 elementor-top-column elementor-element elementor-element-d84ed9e\" data-id=\"d84ed9e\" data-element_type=\"column\" data-e-type=\"column\">\n\t\t\t<div class=\"elementor-widget-wrap elementor-element-populated\">\n\t\t\t\t\t\t<div class=\"elementor-element elementor-element-8849a57 elementor-widget elementor-widget-text-editor\" data-id=\"8849a57\" data-element_type=\"widget\" data-e-type=\"widget\" data-widget_type=\"text-editor.default\">\n\t\t\t\t<div class=\"elementor-widget-container\">\n\t\t\t\t\t\t\t\t\t<p><span style=\"color: #993300;\"><strong>Musikgruppe &#8222;Mundwerk&#8220;<\/strong><\/span><\/p><p class=\"paragraph_style\">Im Bereich Musikwerkst\u00e4tte wird Jugendlichen und jungen Erwachsenen die M\u00f6glichkeit gegeben, sich gem\u00e4\u00df ihren k\u00fcnstlerischen Talenten und F\u00e4higkeiten zu entwickeln.<\/p><p class=\"paragraph_style\">Die Musikwerkst\u00e4tte bietet ein kreatives Ausbildungsprogramm, in dem konkrete individuelle L\u00f6sungswege f\u00fcr einzelne Personen erarbeitet werden.<\/p><ul><li class=\"paragraph_style_1\">Das Repertoire umfasst Pop-, Rock-, sowie Schlagermusik und Eigenkompositionen<\/li><li class=\"paragraph_style_1\">Die Gruppe Mundwerk spielt bei Taufen, Firmungen, Hochzeiten, Schulfesten, B\u00e4llen<\/li><li class=\"paragraph_style_1\">Die MitarbeiterInnen der Gruppe wollen Sch\u00fclerInnen, LehrerInnen und Eltern durch gemeinsame Schulprojekte sensibilisieren<\/li><\/ul><div class=\"paragraph paragraph_style_2\"><div class=\"tinyText style_SkipStroke_3 inline-block shadow_2\"><canvas width=\"153\" height=\"92\"><\/canvas><img decoding=\"async\" src=\"http:\/\/www.pius-institut.at\/Pius-Institut\/Angebote_-_DL_-_Mundwerk_files\/droppedImage_2.png\" alt=\"\" \/><\/div><p><span class=\"tinyText\">\u00a0<\/span><\/p><div id=\"id2\" class=\"style_SkipStroke_4 shape-with-text inline-block\"><div class=\"text-content graphic_textbox_layout_style_default_External_266_56\"><div class=\"graphic_textbox_layout_style_default\"><p class=\"paragraph_style_3\">&#8230; eine Musikwerkst\u00e4tte mit der Ambition Musik als Beruf(ung) zu verstehen<\/p><\/div><\/div><\/div><\/div>\t\t\t\t\t\t\t\t<\/div>\n\t\t\t\t<\/div>\n\t\t\t\t\t<\/div>\n\t\t<\/div>\n\t\t\t\t<div class=\"elementor-column elementor-col-33 elementor-top-column elementor-element elementor-element-1204835\" data-id=\"1204835\" data-element_type=\"column\" data-e-type=\"column\">\n\t\t\t<div class=\"elementor-widget-wrap\">\n\t\t\t\t\t\t\t<\/div>\n\t\t<\/div>\n\t\t\t\t\t<\/div>\n\t\t<\/section>\n\t\t\t\t<section class=\"elementor-section elementor-top-section elementor-element elementor-element-9e3c0e3 elementor-section-boxed elementor-section-height-default elementor-section-height-default\" data-id=\"9e3c0e3\" data-element_type=\"section\" data-e-type=\"section\">\n\t\t\t\t\t\t<div class=\"elementor-container elementor-column-gap-default\">\n\t\t\t\t\t<div class=\"elementor-column elementor-col-100 elementor-top-column elementor-element elementor-element-3efe4ae\" data-id=\"3efe4ae\" data-element_type=\"column\" data-e-type=\"column\">\n\t\t\t<div class=\"elementor-widget-wrap elementor-element-populated\">\n\t\t\t\t\t\t<div class=\"elementor-element elementor-element-579671e eael-fg-hoverer-content-align-left elementor-widget elementor-widget-eael-filterable-gallery\" data-id=\"579671e\" data-element_type=\"widget\" data-e-type=\"widget\" data-settings=\"{&quot;photo_gallery&quot;:&quot;yes&quot;,&quot;pagination&quot;:&quot;false&quot;}\" data-widget_type=\"eael-filterable-gallery.default\">\n\t\t\t\t<div class=\"elementor-widget-container\">\n\t\t\t\t\t<style id=\"eael-fg-inline-css-579671e\">@media only screen and (max-width: 2399px) {\n\t\t\t\t\t.elementor-element.elementor-element-579671e .eael-filterable-gallery-item-wrap {\n\t\t\t\t\t        width: 33.333333333333%;\n\t\t\t\t\t    }\n\t\t\t\t\t}@media only screen and (max-width: 1024px) {\n\t\t\t\t\t.elementor-element.elementor-element-579671e  .eael-filterable-gallery-item-wrap {\n\t\t\t\t\t        width: 50%;\n\t\t\t\t\t    }\n\t\t\t\t\t}@media only screen and (max-width: 767px) {\n\t\t\t\t\t.elementor-element.elementor-element-579671e  .eael-filterable-gallery-item-wrap {\n\t\t\t\t\t        width: 100%;\n\t\t\t\t\t    }\n\t\t\t\t\t}<\/style>        <div id=\"eael-filter-gallery-wrapper-579671e\" class=\"eael-filter-gallery-wrapper\" data-layout-mode=\"hoverer\" data-mfp_caption=\"\" data-breakpoints=\"{&quot;mobile&quot;:{&quot;label&quot;:&quot;Mobile Portrait&quot;,&quot;value&quot;:767,&quot;default_value&quot;:767,&quot;direction&quot;:&quot;max&quot;,&quot;is_enabled&quot;:true},&quot;mobile_extra&quot;:{&quot;label&quot;:&quot;Mobile Landscape&quot;,&quot;value&quot;:880,&quot;default_value&quot;:880,&quot;direction&quot;:&quot;max&quot;,&quot;is_enabled&quot;:false},&quot;tablet&quot;:{&quot;label&quot;:&quot;Tablet Portrait&quot;,&quot;value&quot;:1024,&quot;default_value&quot;:1024,&quot;direction&quot;:&quot;max&quot;,&quot;is_enabled&quot;:true},&quot;tablet_extra&quot;:{&quot;label&quot;:&quot;Tablet Landscape&quot;,&quot;value&quot;:1400,&quot;default_value&quot;:1200,&quot;direction&quot;:&quot;max&quot;,&quot;is_enabled&quot;:true},&quot;laptop&quot;:{&quot;label&quot;:&quot;Laptop&quot;,&quot;value&quot;:1366,&quot;default_value&quot;:1366,&quot;direction&quot;:&quot;max&quot;,&quot;is_enabled&quot;:false},&quot;widescreen&quot;:{&quot;label&quot;:&quot;Widescreen&quot;,&quot;value&quot;:2400,&quot;default_value&quot;:2400,&quot;direction&quot;:&quot;min&quot;,&quot;is_enabled&quot;:false}}\" data-default_control_key=\"0\" data-custom_default_control=\"1\">\n            \n            \n            <div class=\"eael-filter-gallery-container eael-filter-gallery-grid\" data-images-per-page=\"\" data-total-gallery-items=\"3\" data-nomore-item-text=\"\" data-settings=\"{&quot;grid_style&quot;:&quot;grid&quot;,&quot;popup&quot;:&quot;media&quot;,&quot;duration&quot;:500,&quot;gallery_enabled&quot;:&quot;yes&quot;,&quot;video_gallery_yt_privacy&quot;:&quot;&quot;,&quot;control_all_text&quot;:null,&quot;post_id&quot;:360,&quot;widget_id&quot;:&quot;579671e&quot;}\" data-search-all=\"\" data-gallery-items=\"[&quot;\\u003Cdiv class=\\u0022eael-filterable-gallery-item-wrap\\u0022\\u003E\\n\\t\\t\\t\\t\\u003Cdiv class=\\u0022eael-gallery-grid-item\\u0022\\u003E\\u003Cdiv class=\\u0022gallery-item-thumbnail-wrap\\u0022\\u003E\\u003Cimg src=\\u0022https:\\\/\\\/cms.pius-institut.at\\\/wp-content\\\/uploads\\\/2022\\\/02\\\/mwerk_17_nachher-scaled.jpg\\u0022 data-lazy-src=\\u0022https:\\\/\\\/cms.pius-institut.at\\\/wp-content\\\/uploads\\\/2022\\\/02\\\/mwerk_17_nachher-scaled.jpg\\u0022 alt=\\u0022\\u0022 class=\\u0022gallery-item-thumbnail\\u0022\\u003E\\u003C\\\/div\\u003E\\u003Ca href=\\u0022https:\\\/\\\/cms.pius-institut.at\\\/wp-content\\\/uploads\\\/2022\\\/02\\\/mwerk_17_nachher-scaled.jpg\\u0022 class=\\u0022eael-magnific-link eael-magnific-link-clone media-content-wrap\\u0022 data-elementor-open-lightbox=\\u0022no\\u0022\\u003E\\u003Cdiv class=\\u0022gallery-item-caption-wrap caption-style-hoverer eael-slide-up\\u0022\\u003E\\u003Cdiv class=\\u0022gallery-item-hoverer-bg\\u0022\\u003E\\u003C\\\/div\\u003E\\u003Cdiv class=\\u0022gallery-item-caption-over\\u0022\\u003E\\u003C\\\/div\\u003E\\u003C\\\/div\\u003E\\u003C\\\/a\\u003E\\u003C\\\/div\\u003E\\u003C\\\/div\\u003E&quot;,&quot;\\u003Cdiv class=\\u0022eael-filterable-gallery-item-wrap\\u0022\\u003E\\n\\t\\t\\t\\t\\u003Cdiv class=\\u0022eael-gallery-grid-item\\u0022\\u003E\\u003Cdiv class=\\u0022gallery-item-thumbnail-wrap\\u0022\\u003E\\u003Cimg src=\\u0022https:\\\/\\\/cms.pius-institut.at\\\/wp-content\\\/uploads\\\/2022\\\/02\\\/mwerk_21_nachher-scaled.jpg\\u0022 data-lazy-src=\\u0022https:\\\/\\\/cms.pius-institut.at\\\/wp-content\\\/uploads\\\/2022\\\/02\\\/mwerk_21_nachher-scaled.jpg\\u0022 alt=\\u0022\\u0022 class=\\u0022gallery-item-thumbnail\\u0022\\u003E\\u003C\\\/div\\u003E\\u003Ca href=\\u0022https:\\\/\\\/cms.pius-institut.at\\\/wp-content\\\/uploads\\\/2022\\\/02\\\/mwerk_21_nachher-scaled.jpg\\u0022 class=\\u0022eael-magnific-link eael-magnific-link-clone media-content-wrap\\u0022 data-elementor-open-lightbox=\\u0022no\\u0022\\u003E\\u003Cdiv class=\\u0022gallery-item-caption-wrap caption-style-hoverer eael-slide-up\\u0022\\u003E\\u003Cdiv class=\\u0022gallery-item-hoverer-bg\\u0022\\u003E\\u003C\\\/div\\u003E\\u003Cdiv class=\\u0022gallery-item-caption-over\\u0022\\u003E\\u003C\\\/div\\u003E\\u003C\\\/div\\u003E\\u003C\\\/a\\u003E\\u003C\\\/div\\u003E\\u003C\\\/div\\u003E&quot;,&quot;\\u003Cdiv class=\\u0022eael-filterable-gallery-item-wrap\\u0022\\u003E\\n\\t\\t\\t\\t\\u003Cdiv class=\\u0022eael-gallery-grid-item\\u0022\\u003E\\u003Cdiv class=\\u0022gallery-item-thumbnail-wrap\\u0022\\u003E\\u003Cimg src=\\u0022https:\\\/\\\/cms.pius-institut.at\\\/wp-content\\\/uploads\\\/2022\\\/02\\\/mwerk_23_nachher-scaled.jpg\\u0022 data-lazy-src=\\u0022https:\\\/\\\/cms.pius-institut.at\\\/wp-content\\\/uploads\\\/2022\\\/02\\\/mwerk_23_nachher-scaled.jpg\\u0022 alt=\\u0022\\u0022 class=\\u0022gallery-item-thumbnail\\u0022\\u003E\\u003C\\\/div\\u003E\\u003Ca href=\\u0022https:\\\/\\\/cms.pius-institut.at\\\/wp-content\\\/uploads\\\/2022\\\/02\\\/mwerk_23_nachher-scaled.jpg\\u0022 class=\\u0022eael-magnific-link eael-magnific-link-clone media-content-wrap\\u0022 data-elementor-open-lightbox=\\u0022no\\u0022\\u003E\\u003Cdiv class=\\u0022gallery-item-caption-wrap caption-style-hoverer eael-slide-up\\u0022\\u003E\\u003Cdiv class=\\u0022gallery-item-hoverer-bg\\u0022\\u003E\\u003C\\\/div\\u003E\\u003Cdiv class=\\u0022gallery-item-caption-over\\u0022\\u003E\\u003C\\\/div\\u003E\\u003C\\\/div\\u003E\\u003C\\\/a\\u003E\\u003C\\\/div\\u003E\\u003C\\\/div\\u003E&quot;]\" data-init-show=\"3\">\n                <div class=\"eael-filterable-gallery-item-wrap\">\n\t\t\t\t<div class=\"eael-gallery-grid-item\"><div class=\"gallery-item-thumbnail-wrap\"><img decoding=\"async\" src=\"https:\/\/cms.pius-institut.at\/wp-content\/uploads\/2022\/02\/mwerk_17_nachher-scaled.jpg\" data-lazy-src=\"https:\/\/cms.pius-institut.at\/wp-content\/uploads\/2022\/02\/mwerk_17_nachher-scaled.jpg\" alt=\"\" class=\"gallery-item-thumbnail\"><\/div><a href=\"https:\/\/cms.pius-institut.at\/wp-content\/uploads\/2022\/02\/mwerk_17_nachher-scaled.jpg\" class=\"eael-magnific-link eael-magnific-link-clone media-content-wrap\" data-elementor-open-lightbox=\"no\"><div class=\"gallery-item-caption-wrap caption-style-hoverer eael-slide-up\"><div class=\"gallery-item-hoverer-bg\"><\/div><div class=\"gallery-item-caption-over\"><\/div><\/div><\/a><\/div><\/div><div class=\"eael-filterable-gallery-item-wrap\">\n\t\t\t\t<div class=\"eael-gallery-grid-item\"><div class=\"gallery-item-thumbnail-wrap\"><img decoding=\"async\" src=\"https:\/\/cms.pius-institut.at\/wp-content\/uploads\/2022\/02\/mwerk_21_nachher-scaled.jpg\" data-lazy-src=\"https:\/\/cms.pius-institut.at\/wp-content\/uploads\/2022\/02\/mwerk_21_nachher-scaled.jpg\" alt=\"\" class=\"gallery-item-thumbnail\"><\/div><a href=\"https:\/\/cms.pius-institut.at\/wp-content\/uploads\/2022\/02\/mwerk_21_nachher-scaled.jpg\" class=\"eael-magnific-link eael-magnific-link-clone media-content-wrap\" data-elementor-open-lightbox=\"no\"><div class=\"gallery-item-caption-wrap caption-style-hoverer eael-slide-up\"><div class=\"gallery-item-hoverer-bg\"><\/div><div class=\"gallery-item-caption-over\"><\/div><\/div><\/a><\/div><\/div><div class=\"eael-filterable-gallery-item-wrap\">\n\t\t\t\t<div class=\"eael-gallery-grid-item\"><div class=\"gallery-item-thumbnail-wrap\"><img decoding=\"async\" src=\"https:\/\/cms.pius-institut.at\/wp-content\/uploads\/2022\/02\/mwerk_23_nachher-scaled.jpg\" data-lazy-src=\"https:\/\/cms.pius-institut.at\/wp-content\/uploads\/2022\/02\/mwerk_23_nachher-scaled.jpg\" alt=\"\" class=\"gallery-item-thumbnail\"><\/div><a href=\"https:\/\/cms.pius-institut.at\/wp-content\/uploads\/2022\/02\/mwerk_23_nachher-scaled.jpg\" class=\"eael-magnific-link eael-magnific-link-clone media-content-wrap\" data-elementor-open-lightbox=\"no\"><div class=\"gallery-item-caption-wrap caption-style-hoverer eael-slide-up\"><div class=\"gallery-item-hoverer-bg\"><\/div><div class=\"gallery-item-caption-over\"><\/div><\/div><\/a><\/div><\/div>            <\/div>\n            \n                    <\/div>\n        \n        \t\t\t\t<\/div>\n\t\t\t\t<\/div>\n\t\t\t\t\t<\/div>\n\t\t<\/div>\n\t\t\t\t\t<\/div>\n\t\t<\/section>\n\t\t\t\t<section class=\"elementor-section elementor-top-section elementor-element elementor-element-96f1df3 elementor-section-boxed elementor-section-height-default elementor-section-height-default\" data-id=\"96f1df3\" data-element_type=\"section\" data-e-type=\"section\">\n\t\t\t\t\t\t<div class=\"elementor-container elementor-column-gap-default\">\n\t\t\t\t\t<div class=\"elementor-column elementor-col-100 elementor-top-column elementor-element elementor-element-c2e264e\" data-id=\"c2e264e\" data-element_type=\"column\" data-e-type=\"column\">\n\t\t\t<div class=\"elementor-widget-wrap elementor-element-populated\">\n\t\t\t\t\t\t<div class=\"elementor-element elementor-element-2e0816f eael-team-align-centered elementor-widget elementor-widget-eael-team-member\" data-id=\"2e0816f\" data-element_type=\"widget\" data-e-type=\"widget\" data-widget_type=\"eael-team-member.default\">\n\t\t\t\t<div class=\"elementor-widget-container\">\n\t\t\t\t\t\n\n\t<div id=\"eael-team-member-2e0816f\" class=\"eael-team-item eael-team-members-simple \">\n\t\t<div class=\"eael-team-item-inner\">\n\t\t\t<div class=\"eael-team-image\">\n\t\t\t\t<figure>\n\t\t\t\t\t<img decoding=\"async\" src=\"\" alt=\"\">\n\t\t\t\t<\/figure>\n\t\t\t\t\n\t\t\t\t\n\t\t\t<\/div>\n\n\t\t\t<div class=\"eael-team-content\">\n\t\t\t\t<h3 class=\"eael-team-member-name\">Christian Reiss &amp; Andreas Nistelberger<\/h3>\n\t\t\t\t<h4 class=\"eael-team-member-position\">www.pius-mundwerk.at<\/h4>\n\n\t\t\t\t\t\t\t\t\t\t\t\t\t\t<p class=\"eael-team-text\">\nmundwerk@pius-institut.at\n\n\n+43\/699\/151793-57 &amp; 43\/699\/151793-60<\/p>\n\t\t\t\t\t\t\t<\/div>\n\t\t<\/div>\n\t<\/div>\n\t\t\t\t\t<\/div>\n\t\t\t\t<\/div>\n\t\t\t\t\t<\/div>\n\t\t<\/div>\n\t\t\t\t\t<\/div>\n\t\t<\/section>\n\t\t\t\t<\/div>\n\t\t","protected":false},"excerpt":{"rendered":"<p>Musikgruppe &#8222;Mundwerk&#8220; Im Bereich Musikwerkst\u00e4tte wird Jugendlichen und jungen Erwachsenen die M\u00f6glichkeit gegeben, sich gem\u00e4\u00df ihren k\u00fcnstlerischen Talenten und F\u00e4higkeiten zu entwickeln. Die Musikwerkst\u00e4tte bietet ein kreatives Ausbildungsprogramm, in dem konkrete individuelle L\u00f6sungswege f\u00fcr einzelne Personen erarbeitet werden. Das Repertoire umfasst Pop-, Rock-, sowie Schlagermusik und Eigenkompositionen Die Gruppe Mundwerk spielt bei Taufen, Firmungen, Hochzeiten, [&hellip;]<\/p>\n","protected":false},"author":1,"featured_media":0,"parent":0,"menu_order":0,"comment_status":"closed","ping_status":"closed","template":"","meta":{"footnotes":""},"class_list":["post-360","page","type-page","status-publish","hentry"],"_links":{"self":[{"href":"https:\/\/www.pius-institut.at\/index.php?rest_route=\/wp\/v2\/pages\/360","targetHints":{"allow":["GET"]}}],"collection":[{"href":"https:\/\/www.pius-institut.at\/index.php?rest_route=\/wp\/v2\/pages"}],"about":[{"href":"https:\/\/www.pius-institut.at\/index.php?rest_route=\/wp\/v2\/types\/page"}],"author":[{"embeddable":true,"href":"https:\/\/www.pius-institut.at\/index.php?rest_route=\/wp\/v2\/users\/1"}],"replies":[{"embeddable":true,"href":"https:\/\/www.pius-institut.at\/index.php?rest_route=%2Fwp%2Fv2%2Fcomments&post=360"}],"version-history":[{"count":22,"href":"https:\/\/www.pius-institut.at\/index.php?rest_route=\/wp\/v2\/pages\/360\/revisions"}],"predecessor-version":[{"id":1683,"href":"https:\/\/www.pius-institut.at\/index.php?rest_route=\/wp\/v2\/pages\/360\/revisions\/1683"}],"wp:attachment":[{"href":"https:\/\/www.pius-institut.at\/index.php?rest_route=%2Fwp%2Fv2%2Fmedia&parent=360"}],"curies":[{"name":"wp","href":"https:\/\/api.w.org\/{rel}","templated":true}]}}