{"id":722,"date":"2022-01-09T10:36:46","date_gmt":"2022-01-09T09:36:46","guid":{"rendered":"https:\/\/cms.pius-institut.at\/?page_id=722"},"modified":"2022-01-09T11:21:17","modified_gmt":"2022-01-09T10:21:17","slug":"2020-2","status":"publish","type":"page","link":"https:\/\/www.pius-institut.at\/?page_id=722","title":{"rendered":"2020"},"content":{"rendered":"\t\t<div data-elementor-type=\"wp-page\" data-elementor-id=\"722\" class=\"elementor elementor-722\">\n\t\t\t\t\t\t<section class=\"elementor-section elementor-top-section elementor-element elementor-element-a7bfb01 elementor-section-boxed elementor-section-height-default elementor-section-height-default\" data-id=\"a7bfb01\" data-element_type=\"section\" data-e-type=\"section\">\n\t\t\t\t\t\t<div class=\"elementor-container elementor-column-gap-default\">\n\t\t\t\t\t<div class=\"elementor-column elementor-col-33 elementor-top-column elementor-element elementor-element-996e986\" data-id=\"996e986\" data-element_type=\"column\" data-e-type=\"column\">\n\t\t\t<div class=\"elementor-widget-wrap elementor-element-populated\">\n\t\t\t\t\t\t<div class=\"elementor-element elementor-element-0d89831 elementor-widget elementor-widget-wp-widget-nav_menu\" data-id=\"0d89831\" data-element_type=\"widget\" data-e-type=\"widget\" data-widget_type=\"wp-widget-nav_menu.default\">\n\t\t\t\t<div class=\"elementor-widget-container\">\n\t\t\t\t\t<div class=\"menu-archiv-container\"><ul id=\"menu-archiv\" class=\"menu\"><li id=\"menu-item-748\" class=\"menu-item menu-item-type-post_type menu-item-object-page menu-item-748\"><a href=\"https:\/\/www.pius-institut.at\/?page_id=722\">2020<\/a><\/li>\n<li id=\"menu-item-747\" class=\"menu-item menu-item-type-post_type menu-item-object-page menu-item-747\"><a href=\"https:\/\/www.pius-institut.at\/?page_id=724\">2019<\/a><\/li>\n<li id=\"menu-item-746\" class=\"menu-item menu-item-type-post_type menu-item-object-page menu-item-746\"><a href=\"https:\/\/www.pius-institut.at\/?page_id=726\">2018<\/a><\/li>\n<li id=\"menu-item-745\" class=\"menu-item menu-item-type-post_type menu-item-object-page menu-item-745\"><a href=\"https:\/\/www.pius-institut.at\/?page_id=728\">2017<\/a><\/li>\n<li id=\"menu-item-744\" class=\"menu-item menu-item-type-post_type menu-item-object-page menu-item-744\"><a href=\"https:\/\/www.pius-institut.at\/?page_id=730\">2016<\/a><\/li>\n<li id=\"menu-item-743\" class=\"menu-item menu-item-type-post_type menu-item-object-page menu-item-743\"><a href=\"https:\/\/www.pius-institut.at\/?page_id=732\">2015<\/a><\/li>\n<li id=\"menu-item-742\" class=\"menu-item menu-item-type-post_type menu-item-object-page menu-item-742\"><a href=\"https:\/\/www.pius-institut.at\/?page_id=734\">2014<\/a><\/li>\n<li id=\"menu-item-741\" class=\"menu-item menu-item-type-post_type menu-item-object-page menu-item-741\"><a href=\"https:\/\/www.pius-institut.at\/?page_id=736\">2013<\/a><\/li>\n<li id=\"menu-item-740\" class=\"menu-item menu-item-type-post_type menu-item-object-page menu-item-740\"><a href=\"https:\/\/www.pius-institut.at\/?page_id=738\">2012<\/a><\/li>\n<\/ul><\/div>\t\t\t\t<\/div>\n\t\t\t\t<\/div>\n\t\t\t\t\t<\/div>\n\t\t<\/div>\n\t\t\t\t<div class=\"elementor-column elementor-col-33 elementor-top-column elementor-element elementor-element-592b60c\" data-id=\"592b60c\" data-element_type=\"column\" data-e-type=\"column\">\n\t\t\t<div class=\"elementor-widget-wrap elementor-element-populated\">\n\t\t\t\t\t\t<div class=\"elementor-element elementor-element-d5ce77b elementor-widget elementor-widget-text-editor\" data-id=\"d5ce77b\" data-element_type=\"widget\" data-e-type=\"widget\" data-widget_type=\"text-editor.default\">\n\t\t\t\t<div class=\"elementor-widget-container\">\n\t\t\t\t\t\t\t\t\t<div id=\"id3\" class=\"style_SkipStroke_2 shape-with-text\"><div class=\"text-content graphic_textbox_layout_style_default_External_318_338\"><div class=\"graphic_textbox_layout_style_default\"><p class=\"paragraph_style_1\"><em>8. Februar 2020<\/em><\/p><h6 class=\"paragraph_style_2\"><strong>Pius-Ball \u201eDie goldenen 20er\u201c<\/strong><\/h6><p class=\"paragraph_style_1\">Alle 2 Jahre begeistert der Pius-Ball die tanzbegeisterten Bruckerinnen und Brucker.\u00a0<span class=\"style\">Zum 9. Mal ist unser Ball nun am 8. Februar 2020 \u00fcber die B\u00fchne gegangen &#8211; und passend zum Jahr wurde auch das Motto gew\u00e4hlt.<br \/><\/span><\/p><p class=\"paragraph_style_1\"><span class=\"style\">Rund 650 G\u00e4ste genossen wieder das sch\u00f6ne Ambiente des Brucker Kulturhauses:<br \/><\/span><a class=\"style\" title=\"Aktuelles_-_Ball_2020.html\" href=\"http:\/\/www.pius-institut.at\/Pius-Institut\/Aktuelles_-_Ball_2020.html\">\u201eDie goldenen 20er\u201c<\/a><span class=\"style\">\u00a0(Bilder).<br \/><\/span><\/p><p class=\"paragraph_style_1\"><span class=\"style\">Der Reinerl\u00f6s kommt unseren KlientInnen im Rahmen ihrer sportlichen Aktivit\u00e4ten zu Gute.<\/span><\/p><\/div><\/div><\/div><div class=\"tinyText style_SkipStroke_3 shadow_0\">\u00a0<\/div>\t\t\t\t\t\t\t\t<\/div>\n\t\t\t\t<\/div>\n\t\t\t\t\t<\/div>\n\t\t<\/div>\n\t\t\t\t<div class=\"elementor-column elementor-col-33 elementor-top-column elementor-element elementor-element-54506b2\" data-id=\"54506b2\" data-element_type=\"column\" data-e-type=\"column\">\n\t\t\t<div class=\"elementor-widget-wrap elementor-element-populated\">\n\t\t\t\t\t\t<div class=\"elementor-element elementor-element-52d72f1 elementor-widget elementor-widget-image\" data-id=\"52d72f1\" data-element_type=\"widget\" data-e-type=\"widget\" data-widget_type=\"image.default\">\n\t\t\t\t<div class=\"elementor-widget-container\">\n\t\t\t\t\t\t\t\t\t\t\t\t\t\t\t<img fetchpriority=\"high\" decoding=\"async\" width=\"294\" height=\"196\" src=\"http:\/\/www.pius-institut.at\/wp-content\/uploads\/2022\/01\/1.jpg\" class=\"attachment-large size-large wp-image-790\" alt=\"\" \/>\t\t\t\t\t\t\t\t\t\t\t\t\t\t\t<\/div>\n\t\t\t\t<\/div>\n\t\t\t\t\t<\/div>\n\t\t<\/div>\n\t\t\t\t\t<\/div>\n\t\t<\/section>\n\t\t\t\t<\/div>\n\t\t","protected":false},"excerpt":{"rendered":"<p>8. Februar 2020 Pius-Ball \u201eDie goldenen 20er\u201c Alle 2 Jahre begeistert der Pius-Ball die tanzbegeisterten Bruckerinnen und Brucker.\u00a0Zum 9. Mal ist unser Ball nun am 8. Februar 2020 \u00fcber die B\u00fchne gegangen &#8211; und passend zum Jahr wurde auch das Motto gew\u00e4hlt. Rund 650 G\u00e4ste genossen wieder das sch\u00f6ne Ambiente des Brucker Kulturhauses:\u201eDie goldenen 20er\u201c\u00a0(Bilder). [&hellip;]<\/p>\n","protected":false},"author":1,"featured_media":0,"parent":0,"menu_order":0,"comment_status":"closed","ping_status":"closed","template":"","meta":{"footnotes":""},"class_list":["post-722","page","type-page","status-publish","hentry"],"_links":{"self":[{"href":"https:\/\/www.pius-institut.at\/index.php?rest_route=\/wp\/v2\/pages\/722","targetHints":{"allow":["GET"]}}],"collection":[{"href":"https:\/\/www.pius-institut.at\/index.php?rest_route=\/wp\/v2\/pages"}],"about":[{"href":"https:\/\/www.pius-institut.at\/index.php?rest_route=\/wp\/v2\/types\/page"}],"author":[{"embeddable":true,"href":"https:\/\/www.pius-institut.at\/index.php?rest_route=\/wp\/v2\/users\/1"}],"replies":[{"embeddable":true,"href":"https:\/\/www.pius-institut.at\/index.php?rest_route=%2Fwp%2Fv2%2Fcomments&post=722"}],"version-history":[{"count":10,"href":"https:\/\/www.pius-institut.at\/index.php?rest_route=\/wp\/v2\/pages\/722\/revisions"}],"predecessor-version":[{"id":793,"href":"https:\/\/www.pius-institut.at\/index.php?rest_route=\/wp\/v2\/pages\/722\/revisions\/793"}],"wp:attachment":[{"href":"https:\/\/www.pius-institut.at\/index.php?rest_route=%2Fwp%2Fv2%2Fmedia&parent=722"}],"curies":[{"name":"wp","href":"https:\/\/api.w.org\/{rel}","templated":true}]}}