{"id":726,"date":"2022-01-09T10:37:03","date_gmt":"2022-01-09T09:37:03","guid":{"rendered":"https:\/\/cms.pius-institut.at\/?page_id=726"},"modified":"2022-01-09T11:31:02","modified_gmt":"2022-01-09T10:31:02","slug":"2018-2","status":"publish","type":"page","link":"https:\/\/www.pius-institut.at\/?page_id=726","title":{"rendered":"2018"},"content":{"rendered":"\t\t<div data-elementor-type=\"wp-page\" data-elementor-id=\"726\" class=\"elementor elementor-726\">\n\t\t\t\t\t\t<section class=\"elementor-section elementor-top-section elementor-element elementor-element-806e747 elementor-section-boxed elementor-section-height-default elementor-section-height-default\" data-id=\"806e747\" data-element_type=\"section\" data-e-type=\"section\">\n\t\t\t\t\t\t<div class=\"elementor-container elementor-column-gap-default\">\n\t\t\t\t\t<div class=\"elementor-column elementor-col-33 elementor-top-column elementor-element elementor-element-00f3b1e\" data-id=\"00f3b1e\" data-element_type=\"column\" data-e-type=\"column\">\n\t\t\t<div class=\"elementor-widget-wrap elementor-element-populated\">\n\t\t\t\t\t\t<div class=\"elementor-element elementor-element-fd8adee elementor-widget elementor-widget-wp-widget-nav_menu\" data-id=\"fd8adee\" data-element_type=\"widget\" data-e-type=\"widget\" data-widget_type=\"wp-widget-nav_menu.default\">\n\t\t\t\t<div class=\"elementor-widget-container\">\n\t\t\t\t\t<div class=\"menu-archiv-container\"><ul id=\"menu-archiv\" class=\"menu\"><li id=\"menu-item-748\" class=\"menu-item menu-item-type-post_type menu-item-object-page menu-item-748\"><a href=\"https:\/\/www.pius-institut.at\/?page_id=722\">2020<\/a><\/li>\n<li id=\"menu-item-747\" class=\"menu-item menu-item-type-post_type menu-item-object-page menu-item-747\"><a href=\"https:\/\/www.pius-institut.at\/?page_id=724\">2019<\/a><\/li>\n<li id=\"menu-item-746\" class=\"menu-item menu-item-type-post_type menu-item-object-page menu-item-746\"><a href=\"https:\/\/www.pius-institut.at\/?page_id=726\">2018<\/a><\/li>\n<li id=\"menu-item-745\" class=\"menu-item menu-item-type-post_type menu-item-object-page menu-item-745\"><a href=\"https:\/\/www.pius-institut.at\/?page_id=728\">2017<\/a><\/li>\n<li id=\"menu-item-744\" class=\"menu-item menu-item-type-post_type menu-item-object-page menu-item-744\"><a href=\"https:\/\/www.pius-institut.at\/?page_id=730\">2016<\/a><\/li>\n<li id=\"menu-item-743\" class=\"menu-item menu-item-type-post_type menu-item-object-page menu-item-743\"><a href=\"https:\/\/www.pius-institut.at\/?page_id=732\">2015<\/a><\/li>\n<li id=\"menu-item-742\" class=\"menu-item menu-item-type-post_type menu-item-object-page menu-item-742\"><a href=\"https:\/\/www.pius-institut.at\/?page_id=734\">2014<\/a><\/li>\n<li id=\"menu-item-741\" class=\"menu-item menu-item-type-post_type menu-item-object-page menu-item-741\"><a href=\"https:\/\/www.pius-institut.at\/?page_id=736\">2013<\/a><\/li>\n<li id=\"menu-item-740\" class=\"menu-item menu-item-type-post_type menu-item-object-page menu-item-740\"><a href=\"https:\/\/www.pius-institut.at\/?page_id=738\">2012<\/a><\/li>\n<\/ul><\/div>\t\t\t\t<\/div>\n\t\t\t\t<\/div>\n\t\t\t\t\t<\/div>\n\t\t<\/div>\n\t\t\t\t<div class=\"elementor-column elementor-col-33 elementor-top-column elementor-element elementor-element-bd72847\" data-id=\"bd72847\" data-element_type=\"column\" data-e-type=\"column\">\n\t\t\t<div class=\"elementor-widget-wrap elementor-element-populated\">\n\t\t\t\t\t\t<div class=\"elementor-element elementor-element-41d0bf1 elementor-widget elementor-widget-text-editor\" data-id=\"41d0bf1\" data-element_type=\"widget\" data-e-type=\"widget\" data-widget_type=\"text-editor.default\">\n\t\t\t\t<div class=\"elementor-widget-container\">\n\t\t\t\t\t\t\t\t\t<p class=\"paragraph_style_1\"><em>21. Juni 2018<\/em><\/p><p class=\"paragraph_style_2\"><strong>Sommersonnenwende<\/strong><\/p><p class=\"paragraph_style_1\">26 Pius-MitarbeiterInnen und Brucker B\u00fcrgerInnen nahmen am Donnerstag an der Morgenwanderung auf den Hochanger teil.<\/p><p class=\"paragraph_style_1\">Um den Sonnenaufgang beim \u201eGipfelkreuz\u201c rechtzeitig mit zu erleben startete die Gruppe um 2:00 Uhr vom Parkplatz des Pius-Instituts. Jimmy Kicker begleitete die Wanderung wieder mit besinnlichen Momenten.<\/p>\t\t\t\t\t\t\t\t<\/div>\n\t\t\t\t<\/div>\n\t\t\t\t\t<\/div>\n\t\t<\/div>\n\t\t\t\t<div class=\"elementor-column elementor-col-33 elementor-top-column elementor-element elementor-element-3115091\" data-id=\"3115091\" data-element_type=\"column\" data-e-type=\"column\">\n\t\t\t<div class=\"elementor-widget-wrap elementor-element-populated\">\n\t\t\t\t\t\t<div class=\"elementor-element elementor-element-bd36020 elementor-widget elementor-widget-image\" data-id=\"bd36020\" data-element_type=\"widget\" data-e-type=\"widget\" data-widget_type=\"image.default\">\n\t\t\t\t<div class=\"elementor-widget-container\">\n\t\t\t\t\t\t\t\t\t\t\t\t\t\t\t<img decoding=\"async\" width=\"228\" height=\"141\" src=\"https:\/\/www.pius-institut.at\/wp-content\/uploads\/2022\/01\/1-1.png\" class=\"attachment-large size-large wp-image-794\" alt=\"\" \/>\t\t\t\t\t\t\t\t\t\t\t\t\t\t\t<\/div>\n\t\t\t\t<\/div>\n\t\t\t\t\t<\/div>\n\t\t<\/div>\n\t\t\t\t\t<\/div>\n\t\t<\/section>\n\t\t\t\t<section class=\"elementor-section elementor-top-section elementor-element elementor-element-6c4282b elementor-section-boxed elementor-section-height-default elementor-section-height-default\" data-id=\"6c4282b\" data-element_type=\"section\" data-e-type=\"section\">\n\t\t\t\t\t\t<div class=\"elementor-container elementor-column-gap-default\">\n\t\t\t\t\t<div class=\"elementor-column elementor-col-100 elementor-top-column elementor-element elementor-element-2d78bc3\" data-id=\"2d78bc3\" data-element_type=\"column\" data-e-type=\"column\">\n\t\t\t<div class=\"elementor-widget-wrap elementor-element-populated\">\n\t\t\t\t\t\t<div class=\"elementor-element elementor-element-839ea98 elementor-widget elementor-widget-image\" data-id=\"839ea98\" data-element_type=\"widget\" data-e-type=\"widget\" data-widget_type=\"image.default\">\n\t\t\t\t<div class=\"elementor-widget-container\">\n\t\t\t\t\t\t\t\t\t\t\t\t\t\t\t<img fetchpriority=\"high\" decoding=\"async\" width=\"583\" height=\"121\" src=\"https:\/\/www.pius-institut.at\/wp-content\/uploads\/2022\/01\/2-1.png\" class=\"attachment-large size-large wp-image-795\" alt=\"\" srcset=\"https:\/\/www.pius-institut.at\/wp-content\/uploads\/2022\/01\/2-1.png 583w, https:\/\/www.pius-institut.at\/wp-content\/uploads\/2022\/01\/2-1-300x62.png 300w\" sizes=\"(max-width: 583px) 100vw, 583px\" \/>\t\t\t\t\t\t\t\t\t\t\t\t\t\t\t<\/div>\n\t\t\t\t<\/div>\n\t\t\t\t\t<\/div>\n\t\t<\/div>\n\t\t\t\t\t<\/div>\n\t\t<\/section>\n\t\t\t\t<section class=\"elementor-section elementor-top-section elementor-element elementor-element-20c26b7 elementor-section-boxed elementor-section-height-default elementor-section-height-default\" data-id=\"20c26b7\" data-element_type=\"section\" data-e-type=\"section\">\n\t\t\t\t\t\t<div class=\"elementor-container elementor-column-gap-default\">\n\t\t\t\t\t<div class=\"elementor-column elementor-col-100 elementor-top-column elementor-element elementor-element-2e75e53\" data-id=\"2e75e53\" data-element_type=\"column\" data-e-type=\"column\">\n\t\t\t<div class=\"elementor-widget-wrap elementor-element-populated\">\n\t\t\t\t\t\t<div class=\"elementor-element elementor-element-b324a97 elementor-widget-divider--view-line elementor-widget elementor-widget-divider\" data-id=\"b324a97\" data-element_type=\"widget\" data-e-type=\"widget\" data-widget_type=\"divider.default\">\n\t\t\t\t<div class=\"elementor-widget-container\">\n\t\t\t\t\t\t\t<div class=\"elementor-divider\">\n\t\t\t<span class=\"elementor-divider-separator\">\n\t\t\t\t\t\t<\/span>\n\t\t<\/div>\n\t\t\t\t\t\t<\/div>\n\t\t\t\t<\/div>\n\t\t\t\t\t<\/div>\n\t\t<\/div>\n\t\t\t\t\t<\/div>\n\t\t<\/section>\n\t\t\t\t<section class=\"elementor-section elementor-top-section elementor-element elementor-element-8aea0c2 elementor-section-boxed elementor-section-height-default elementor-section-height-default\" data-id=\"8aea0c2\" data-element_type=\"section\" data-e-type=\"section\">\n\t\t\t\t\t\t<div class=\"elementor-container elementor-column-gap-default\">\n\t\t\t\t\t<div class=\"elementor-column elementor-col-33 elementor-top-column elementor-element elementor-element-4136b2f\" data-id=\"4136b2f\" data-element_type=\"column\" data-e-type=\"column\">\n\t\t\t<div class=\"elementor-widget-wrap\">\n\t\t\t\t\t\t\t<\/div>\n\t\t<\/div>\n\t\t\t\t<div class=\"elementor-column elementor-col-33 elementor-top-column elementor-element elementor-element-a2ff80d\" data-id=\"a2ff80d\" data-element_type=\"column\" data-e-type=\"column\">\n\t\t\t<div class=\"elementor-widget-wrap elementor-element-populated\">\n\t\t\t\t\t\t<div class=\"elementor-element elementor-element-e7466dc elementor-widget elementor-widget-text-editor\" data-id=\"e7466dc\" data-element_type=\"widget\" data-e-type=\"widget\" data-widget_type=\"text-editor.default\">\n\t\t\t\t<div class=\"elementor-widget-container\">\n\t\t\t\t\t\t\t\t\t<p class=\"paragraph_style_1\"><em>14. Juni 2018<\/em><\/p><p class=\"paragraph_style_2\"><strong>D\u00e4mmerschoppen<\/strong><\/p><p class=\"paragraph_style_1\">Zum 3. Mal ging am 14. Juni der D\u00e4mmerschoppen im Cafe aktiv \u00fcber die B\u00fchne. Bei musikalischer Unterhaltung (es spielten die Mundwerker und das Saxophonquartet<br \/>P-J-A-K) wurde bis sp\u00e4t in die Nacht gefeiert.<\/p>\t\t\t\t\t\t\t\t<\/div>\n\t\t\t\t<\/div>\n\t\t\t\t\t<\/div>\n\t\t<\/div>\n\t\t\t\t<div class=\"elementor-column elementor-col-33 elementor-top-column elementor-element elementor-element-a57cd88\" data-id=\"a57cd88\" data-element_type=\"column\" data-e-type=\"column\">\n\t\t\t<div class=\"elementor-widget-wrap elementor-element-populated\">\n\t\t\t\t\t\t<div class=\"elementor-element elementor-element-2f0aaed elementor-widget elementor-widget-image\" data-id=\"2f0aaed\" data-element_type=\"widget\" data-e-type=\"widget\" data-widget_type=\"image.default\">\n\t\t\t\t<div class=\"elementor-widget-container\">\n\t\t\t\t\t\t\t\t\t\t\t\t\t\t\t<img decoding=\"async\" width=\"234\" height=\"175\" src=\"https:\/\/www.pius-institut.at\/wp-content\/uploads\/2022\/01\/3.jpg\" class=\"attachment-large size-large wp-image-796\" alt=\"\" \/>\t\t\t\t\t\t\t\t\t\t\t\t\t\t\t<\/div>\n\t\t\t\t<\/div>\n\t\t\t\t\t<\/div>\n\t\t<\/div>\n\t\t\t\t\t<\/div>\n\t\t<\/section>\n\t\t\t\t<section class=\"elementor-section elementor-top-section elementor-element elementor-element-95a382b elementor-section-boxed elementor-section-height-default elementor-section-height-default\" data-id=\"95a382b\" data-element_type=\"section\" data-e-type=\"section\">\n\t\t\t\t\t\t<div class=\"elementor-container elementor-column-gap-default\">\n\t\t\t\t\t<div class=\"elementor-column elementor-col-100 elementor-top-column elementor-element elementor-element-98c3ee1\" data-id=\"98c3ee1\" data-element_type=\"column\" data-e-type=\"column\">\n\t\t\t<div class=\"elementor-widget-wrap elementor-element-populated\">\n\t\t\t\t\t\t<div class=\"elementor-element elementor-element-7a51c2e elementor-widget-divider--view-line elementor-widget elementor-widget-divider\" data-id=\"7a51c2e\" data-element_type=\"widget\" data-e-type=\"widget\" data-widget_type=\"divider.default\">\n\t\t\t\t<div class=\"elementor-widget-container\">\n\t\t\t\t\t\t\t<div class=\"elementor-divider\">\n\t\t\t<span class=\"elementor-divider-separator\">\n\t\t\t\t\t\t<\/span>\n\t\t<\/div>\n\t\t\t\t\t\t<\/div>\n\t\t\t\t<\/div>\n\t\t\t\t\t<\/div>\n\t\t<\/div>\n\t\t\t\t\t<\/div>\n\t\t<\/section>\n\t\t\t\t<section class=\"elementor-section elementor-top-section elementor-element elementor-element-82942ec elementor-section-boxed elementor-section-height-default elementor-section-height-default\" data-id=\"82942ec\" data-element_type=\"section\" data-e-type=\"section\">\n\t\t\t\t\t\t<div class=\"elementor-container elementor-column-gap-default\">\n\t\t\t\t\t<div class=\"elementor-column elementor-col-33 elementor-top-column elementor-element elementor-element-7b63550\" data-id=\"7b63550\" data-element_type=\"column\" data-e-type=\"column\">\n\t\t\t<div class=\"elementor-widget-wrap\">\n\t\t\t\t\t\t\t<\/div>\n\t\t<\/div>\n\t\t\t\t<div class=\"elementor-column elementor-col-33 elementor-top-column elementor-element elementor-element-7f67930\" data-id=\"7f67930\" data-element_type=\"column\" data-e-type=\"column\">\n\t\t\t<div class=\"elementor-widget-wrap elementor-element-populated\">\n\t\t\t\t\t\t<div class=\"elementor-element elementor-element-76b2f6d elementor-widget elementor-widget-text-editor\" data-id=\"76b2f6d\" data-element_type=\"widget\" data-e-type=\"widget\" data-widget_type=\"text-editor.default\">\n\t\t\t\t<div class=\"elementor-widget-container\">\n\t\t\t\t\t\t\t\t\t<p class=\"paragraph_style_1\"><em>17. Mai 2018<\/em><\/p><p class=\"paragraph_style_2\"><strong>Dabei sein ist alles?<\/strong><\/p><p class=\"paragraph_style_1\">Mit 56 Starterinnen und Startern war der Brucker Businesslauf wieder ein Event der Sonderklasse.<\/p><p class=\"paragraph_style_1\">Wochen langes Training und viele Einzelerfolge machten den Lauf zu einem Jahresh\u00f6hepunkt. Einige L\u00e4ufer erreichten sogar Spitzenzeiten. Mit dabei waren auch wieder unser Kooperationspartner Sportb\u00fcndel mit seinen Athleten.<\/p><p class=\"paragraph_style_1\">Mit den Mundwerkern konnte das Ereignis dann im Partyzelt schwungvoll ausklingen.\u00a0<\/p>\t\t\t\t\t\t\t\t<\/div>\n\t\t\t\t<\/div>\n\t\t\t\t\t<\/div>\n\t\t<\/div>\n\t\t\t\t<div class=\"elementor-column elementor-col-33 elementor-top-column elementor-element elementor-element-67eee2c\" data-id=\"67eee2c\" data-element_type=\"column\" data-e-type=\"column\">\n\t\t\t<div class=\"elementor-widget-wrap elementor-element-populated\">\n\t\t\t\t\t\t<div class=\"elementor-element elementor-element-e54fc5e elementor-widget elementor-widget-image\" data-id=\"e54fc5e\" data-element_type=\"widget\" data-e-type=\"widget\" data-widget_type=\"image.default\">\n\t\t\t\t<div class=\"elementor-widget-container\">\n\t\t\t\t\t\t\t\t\t\t\t\t\t\t\t<img loading=\"lazy\" decoding=\"async\" width=\"229\" height=\"191\" src=\"https:\/\/www.pius-institut.at\/wp-content\/uploads\/2022\/01\/4-1.png\" class=\"attachment-large size-large wp-image-797\" alt=\"\" \/>\t\t\t\t\t\t\t\t\t\t\t\t\t\t\t<\/div>\n\t\t\t\t<\/div>\n\t\t\t\t\t<\/div>\n\t\t<\/div>\n\t\t\t\t\t<\/div>\n\t\t<\/section>\n\t\t\t\t<section class=\"elementor-section elementor-top-section elementor-element elementor-element-19e6559 elementor-section-boxed elementor-section-height-default elementor-section-height-default\" data-id=\"19e6559\" data-element_type=\"section\" data-e-type=\"section\">\n\t\t\t\t\t\t<div class=\"elementor-container elementor-column-gap-default\">\n\t\t\t\t\t<div class=\"elementor-column elementor-col-100 elementor-top-column elementor-element elementor-element-079fc8b\" data-id=\"079fc8b\" data-element_type=\"column\" data-e-type=\"column\">\n\t\t\t<div class=\"elementor-widget-wrap elementor-element-populated\">\n\t\t\t\t\t\t<div class=\"elementor-element elementor-element-3c8afe4 elementor-widget elementor-widget-image\" data-id=\"3c8afe4\" data-element_type=\"widget\" data-e-type=\"widget\" data-widget_type=\"image.default\">\n\t\t\t\t<div class=\"elementor-widget-container\">\n\t\t\t\t\t\t\t\t\t\t\t\t\t\t\t<img loading=\"lazy\" decoding=\"async\" width=\"583\" height=\"226\" src=\"https:\/\/www.pius-institut.at\/wp-content\/uploads\/2022\/01\/5-1.png\" class=\"attachment-large size-large wp-image-798\" alt=\"\" srcset=\"https:\/\/www.pius-institut.at\/wp-content\/uploads\/2022\/01\/5-1.png 583w, https:\/\/www.pius-institut.at\/wp-content\/uploads\/2022\/01\/5-1-300x116.png 300w\" sizes=\"(max-width: 583px) 100vw, 583px\" \/>\t\t\t\t\t\t\t\t\t\t\t\t\t\t\t<\/div>\n\t\t\t\t<\/div>\n\t\t\t\t\t<\/div>\n\t\t<\/div>\n\t\t\t\t\t<\/div>\n\t\t<\/section>\n\t\t\t\t<section class=\"elementor-section elementor-top-section elementor-element elementor-element-c187e3a elementor-section-boxed elementor-section-height-default elementor-section-height-default\" data-id=\"c187e3a\" data-element_type=\"section\" data-e-type=\"section\">\n\t\t\t\t\t\t<div class=\"elementor-container elementor-column-gap-default\">\n\t\t\t\t\t<div class=\"elementor-column elementor-col-100 elementor-top-column elementor-element elementor-element-5658d82\" data-id=\"5658d82\" data-element_type=\"column\" data-e-type=\"column\">\n\t\t\t<div class=\"elementor-widget-wrap elementor-element-populated\">\n\t\t\t\t\t\t<div class=\"elementor-element elementor-element-78365dd elementor-widget-divider--view-line elementor-widget elementor-widget-divider\" data-id=\"78365dd\" data-element_type=\"widget\" data-e-type=\"widget\" data-widget_type=\"divider.default\">\n\t\t\t\t<div class=\"elementor-widget-container\">\n\t\t\t\t\t\t\t<div class=\"elementor-divider\">\n\t\t\t<span class=\"elementor-divider-separator\">\n\t\t\t\t\t\t<\/span>\n\t\t<\/div>\n\t\t\t\t\t\t<\/div>\n\t\t\t\t<\/div>\n\t\t\t\t\t<\/div>\n\t\t<\/div>\n\t\t\t\t\t<\/div>\n\t\t<\/section>\n\t\t\t\t<section class=\"elementor-section elementor-top-section elementor-element elementor-element-d3610df elementor-section-boxed elementor-section-height-default elementor-section-height-default\" data-id=\"d3610df\" data-element_type=\"section\" data-e-type=\"section\">\n\t\t\t\t\t\t<div class=\"elementor-container elementor-column-gap-default\">\n\t\t\t\t\t<div class=\"elementor-column elementor-col-33 elementor-top-column elementor-element elementor-element-bf7fb82\" data-id=\"bf7fb82\" data-element_type=\"column\" data-e-type=\"column\">\n\t\t\t<div class=\"elementor-widget-wrap\">\n\t\t\t\t\t\t\t<\/div>\n\t\t<\/div>\n\t\t\t\t<div class=\"elementor-column elementor-col-33 elementor-top-column elementor-element elementor-element-110faaf\" data-id=\"110faaf\" data-element_type=\"column\" data-e-type=\"column\">\n\t\t\t<div class=\"elementor-widget-wrap elementor-element-populated\">\n\t\t\t\t\t\t<div class=\"elementor-element elementor-element-12f95b2 elementor-widget elementor-widget-text-editor\" data-id=\"12f95b2\" data-element_type=\"widget\" data-e-type=\"widget\" data-widget_type=\"text-editor.default\">\n\t\t\t\t<div class=\"elementor-widget-container\">\n\t\t\t\t\t\t\t\t\t<p class=\"paragraph_style_1\"><em>27. April 2018<\/em><\/p><p class=\"paragraph_style_2\"><strong>Maibaumaufstellen<\/strong><\/p><p class=\"paragraph_style_1\">So gerade stand er noch nie &#8211; ob die gute Vorarbeit der Gartengruppe und Landschaftspfleger oder die Mithilfe der Sch\u00fcler und Sch\u00fclerinnen der Forstschule Bruck (die heuer erstmalig mitgeholfen haben) daf\u00fcr verantwortlich zeichnen, l\u00e4\u00dft sich nicht mehr eindeutig feststellen.<\/p><p class=\"paragraph_style_1\">Wichtig ist: er steht und es war wieder eine sch\u00f6ne Veranstaltung.<\/p>\t\t\t\t\t\t\t\t<\/div>\n\t\t\t\t<\/div>\n\t\t\t\t\t<\/div>\n\t\t<\/div>\n\t\t\t\t<div class=\"elementor-column elementor-col-33 elementor-top-column elementor-element elementor-element-7767a0a\" data-id=\"7767a0a\" data-element_type=\"column\" data-e-type=\"column\">\n\t\t\t<div class=\"elementor-widget-wrap elementor-element-populated\">\n\t\t\t\t\t\t<div class=\"elementor-element elementor-element-89e651d elementor-widget elementor-widget-image\" data-id=\"89e651d\" data-element_type=\"widget\" data-e-type=\"widget\" data-widget_type=\"image.default\">\n\t\t\t\t<div class=\"elementor-widget-container\">\n\t\t\t\t\t\t\t\t\t\t\t\t\t\t\t<img loading=\"lazy\" decoding=\"async\" width=\"227\" height=\"339\" src=\"https:\/\/www.pius-institut.at\/wp-content\/uploads\/2022\/01\/6-1.png\" class=\"attachment-large size-large wp-image-799\" alt=\"\" srcset=\"https:\/\/www.pius-institut.at\/wp-content\/uploads\/2022\/01\/6-1.png 227w, https:\/\/www.pius-institut.at\/wp-content\/uploads\/2022\/01\/6-1-201x300.png 201w\" sizes=\"(max-width: 227px) 100vw, 227px\" \/>\t\t\t\t\t\t\t\t\t\t\t\t\t\t\t<\/div>\n\t\t\t\t<\/div>\n\t\t\t\t\t<\/div>\n\t\t<\/div>\n\t\t\t\t\t<\/div>\n\t\t<\/section>\n\t\t\t\t<section class=\"elementor-section elementor-top-section elementor-element elementor-element-4ce0081 elementor-section-boxed elementor-section-height-default elementor-section-height-default\" data-id=\"4ce0081\" data-element_type=\"section\" data-e-type=\"section\">\n\t\t\t\t\t\t<div class=\"elementor-container elementor-column-gap-default\">\n\t\t\t\t\t<div class=\"elementor-column elementor-col-100 elementor-top-column elementor-element elementor-element-f5cea57\" data-id=\"f5cea57\" data-element_type=\"column\" data-e-type=\"column\">\n\t\t\t<div class=\"elementor-widget-wrap elementor-element-populated\">\n\t\t\t\t\t\t<div class=\"elementor-element elementor-element-3b64f30 elementor-widget elementor-widget-image\" data-id=\"3b64f30\" data-element_type=\"widget\" data-e-type=\"widget\" data-widget_type=\"image.default\">\n\t\t\t\t<div class=\"elementor-widget-container\">\n\t\t\t\t\t\t\t\t\t\t\t\t\t\t\t<img loading=\"lazy\" decoding=\"async\" width=\"331\" height=\"148\" src=\"https:\/\/www.pius-institut.at\/wp-content\/uploads\/2022\/01\/7-1.png\" class=\"attachment-large size-large wp-image-800\" alt=\"\" srcset=\"https:\/\/www.pius-institut.at\/wp-content\/uploads\/2022\/01\/7-1.png 331w, https:\/\/www.pius-institut.at\/wp-content\/uploads\/2022\/01\/7-1-300x134.png 300w\" sizes=\"(max-width: 331px) 100vw, 331px\" \/>\t\t\t\t\t\t\t\t\t\t\t\t\t\t\t<\/div>\n\t\t\t\t<\/div>\n\t\t\t\t\t<\/div>\n\t\t<\/div>\n\t\t\t\t\t<\/div>\n\t\t<\/section>\n\t\t\t\t<section class=\"elementor-section elementor-top-section elementor-element elementor-element-c856a77 elementor-section-boxed elementor-section-height-default elementor-section-height-default\" data-id=\"c856a77\" data-element_type=\"section\" data-e-type=\"section\">\n\t\t\t\t\t\t<div class=\"elementor-container elementor-column-gap-default\">\n\t\t\t\t\t<div class=\"elementor-column elementor-col-100 elementor-top-column elementor-element elementor-element-c006716\" data-id=\"c006716\" data-element_type=\"column\" data-e-type=\"column\">\n\t\t\t<div class=\"elementor-widget-wrap elementor-element-populated\">\n\t\t\t\t\t\t<div class=\"elementor-element elementor-element-a393b15 elementor-widget-divider--view-line elementor-widget elementor-widget-divider\" data-id=\"a393b15\" data-element_type=\"widget\" data-e-type=\"widget\" data-widget_type=\"divider.default\">\n\t\t\t\t<div class=\"elementor-widget-container\">\n\t\t\t\t\t\t\t<div class=\"elementor-divider\">\n\t\t\t<span class=\"elementor-divider-separator\">\n\t\t\t\t\t\t<\/span>\n\t\t<\/div>\n\t\t\t\t\t\t<\/div>\n\t\t\t\t<\/div>\n\t\t\t\t\t<\/div>\n\t\t<\/div>\n\t\t\t\t\t<\/div>\n\t\t<\/section>\n\t\t\t\t<section class=\"elementor-section elementor-top-section elementor-element elementor-element-141d80e elementor-section-boxed elementor-section-height-default elementor-section-height-default\" data-id=\"141d80e\" data-element_type=\"section\" data-e-type=\"section\">\n\t\t\t\t\t\t<div class=\"elementor-container elementor-column-gap-default\">\n\t\t\t\t\t<div class=\"elementor-column elementor-col-33 elementor-top-column elementor-element elementor-element-e7f396a\" data-id=\"e7f396a\" data-element_type=\"column\" data-e-type=\"column\">\n\t\t\t<div class=\"elementor-widget-wrap\">\n\t\t\t\t\t\t\t<\/div>\n\t\t<\/div>\n\t\t\t\t<div class=\"elementor-column elementor-col-33 elementor-top-column elementor-element elementor-element-8f01b0f\" data-id=\"8f01b0f\" data-element_type=\"column\" data-e-type=\"column\">\n\t\t\t<div class=\"elementor-widget-wrap elementor-element-populated\">\n\t\t\t\t\t\t<div class=\"elementor-element elementor-element-a43111c elementor-widget elementor-widget-text-editor\" data-id=\"a43111c\" data-element_type=\"widget\" data-e-type=\"widget\" data-widget_type=\"text-editor.default\">\n\t\t\t\t<div class=\"elementor-widget-container\">\n\t\t\t\t\t\t\t\t\t<p class=\"paragraph_style_1\">10. Februar 2018<\/p><p class=\"paragraph_style_2\">Pius-Ball \u201ewonderful tonight\u201c<\/p><p class=\"paragraph_style_1\"><span class=\"style\">Zum 8. Mal ist unser Ball am 10. Februar 2018 \u00fcber die B\u00fchne gegangen &#8211; und es war ein riesen Erfolg.<br \/><\/span><\/p><p class=\"paragraph_style_1\"><span class=\"style\">Rund 650 G\u00e4ste genossen in sch\u00f6nem Ambiente den Ball unter dem Motte\u00a0<\/span><a class=\"style\" title=\"Aktuelles_-_Ball_2018.html\" href=\"http:\/\/www.pius-institut.at\/Pius-Institut\/Aktuelles_-_Ball_2018.html\">\u201ewonderful tonight\u201c<\/a><span class=\"style\">\u00a0(Bilder).<br \/><\/span><\/p><p class=\"paragraph_style_1\"><span class=\"style\">Der Reinerl\u00f6s kommt wieder unseren KlientInnen im Rahmen ihrer sportlichen Aktivit\u00e4ten zu Gute.<br \/><\/span><\/p><p class=\"paragraph_style_1\"><span class=\"style\">20 Sportlerinnen und Sportler werden heuer im Juni bei den nationalen Spielen von Special Olympics in den unterschiedlichsten Disziplinen antreten.<\/span><\/p>\t\t\t\t\t\t\t\t<\/div>\n\t\t\t\t<\/div>\n\t\t\t\t\t<\/div>\n\t\t<\/div>\n\t\t\t\t<div class=\"elementor-column elementor-col-33 elementor-top-column elementor-element elementor-element-ca6c074\" data-id=\"ca6c074\" data-element_type=\"column\" data-e-type=\"column\">\n\t\t\t<div class=\"elementor-widget-wrap elementor-element-populated\">\n\t\t\t\t\t\t<div class=\"elementor-element elementor-element-6f23b20 elementor-widget elementor-widget-image\" data-id=\"6f23b20\" data-element_type=\"widget\" data-e-type=\"widget\" data-widget_type=\"image.default\">\n\t\t\t\t<div class=\"elementor-widget-container\">\n\t\t\t\t\t\t\t\t\t\t\t\t\t\t\t<img loading=\"lazy\" decoding=\"async\" width=\"227\" height=\"198\" src=\"https:\/\/www.pius-institut.at\/wp-content\/uploads\/2022\/01\/8-1.png\" class=\"attachment-large size-large wp-image-801\" alt=\"\" \/>\t\t\t\t\t\t\t\t\t\t\t\t\t\t\t<\/div>\n\t\t\t\t<\/div>\n\t\t\t\t\t<\/div>\n\t\t<\/div>\n\t\t\t\t\t<\/div>\n\t\t<\/section>\n\t\t\t\t<\/div>\n\t\t","protected":false},"excerpt":{"rendered":"<p>21. Juni 2018 Sommersonnenwende 26 Pius-MitarbeiterInnen und Brucker B\u00fcrgerInnen nahmen am Donnerstag an der Morgenwanderung auf den Hochanger teil. Um den Sonnenaufgang beim \u201eGipfelkreuz\u201c rechtzeitig mit zu erleben startete die Gruppe um 2:00 Uhr vom Parkplatz des Pius-Instituts. Jimmy Kicker begleitete die Wanderung wieder mit besinnlichen Momenten. 14. Juni 2018 D\u00e4mmerschoppen Zum 3. Mal ging [&hellip;]<\/p>\n","protected":false},"author":1,"featured_media":0,"parent":0,"menu_order":0,"comment_status":"closed","ping_status":"closed","template":"","meta":{"footnotes":""},"class_list":["post-726","page","type-page","status-publish","hentry"],"_links":{"self":[{"href":"https:\/\/www.pius-institut.at\/index.php?rest_route=\/wp\/v2\/pages\/726","targetHints":{"allow":["GET"]}}],"collection":[{"href":"https:\/\/www.pius-institut.at\/index.php?rest_route=\/wp\/v2\/pages"}],"about":[{"href":"https:\/\/www.pius-institut.at\/index.php?rest_route=\/wp\/v2\/types\/page"}],"author":[{"embeddable":true,"href":"https:\/\/www.pius-institut.at\/index.php?rest_route=\/wp\/v2\/users\/1"}],"replies":[{"embeddable":true,"href":"https:\/\/www.pius-institut.at\/index.php?rest_route=%2Fwp%2Fv2%2Fcomments&post=726"}],"version-history":[{"count":4,"href":"https:\/\/www.pius-institut.at\/index.php?rest_route=\/wp\/v2\/pages\/726\/revisions"}],"predecessor-version":[{"id":804,"href":"https:\/\/www.pius-institut.at\/index.php?rest_route=\/wp\/v2\/pages\/726\/revisions\/804"}],"wp:attachment":[{"href":"https:\/\/www.pius-institut.at\/index.php?rest_route=%2Fwp%2Fv2%2Fmedia&parent=726"}],"curies":[{"name":"wp","href":"https:\/\/api.w.org\/{rel}","templated":true}]}}